{"id":41,"date":"2024-06-05T15:08:16","date_gmt":"2024-06-05T19:08:16","guid":{"rendered":"https:\/\/visitcameroon.net\/?page_id=41"},"modified":"2026-05-09T09:59:04","modified_gmt":"2026-05-09T13:59:04","slug":"safari","status":"publish","type":"page","link":"https:\/\/visitcameroon.net\/fr\/safari\/","title":{"rendered":"Safari"},"content":{"rendered":"<div class=\"et_pb_section_0 et_pb_section et_section_regular et_block_section et-pb-has-background-video et_pb_preload preset--module--divi-section--8363d3a1-7f13-4aae-8984-26124f93e21c\"><span class=\"et-pb-background-video\"><video autoplay loop playsinline muted><source type=\"video\/mp4\" src=\"https:\/\/visitcameroon.net\/wp-content\/uploads\/2024\/07\/Spolight.mp4\" \/><\/video><\/span>\n<div class=\"et_pb_row_0 et_pb_row et_block_row\">\n<div class=\"et_pb_column_0 et_pb_column et_pb_column_1_5 et_block_column et_pb_column_empty et_pb_css_mix_blend_mode_passthrough\"><\/div>\n\n<div class=\"et_pb_column_1 et_pb_column et_pb_column_3_5 et_block_column et_pb_css_mix_blend_mode_passthrough\">\n<div class=\"et_pb_heading_0 et_pb_heading et_pb_module et_block_module\"><div class=\"et_pb_heading_container\"><h1 class=\"et_pb_module_header\">Safari D\u00e9couverte<\/h1><\/div><\/div>\n<\/div>\n\n<div class=\"et_pb_column_2 et_pb_column et_pb_column_1_5 et-last-child et_block_column et_pb_column_empty et_pb_css_mix_blend_mode_passthrough\"><\/div>\n<\/div>\n<\/div>\n\n<div class=\"et_pb_section_1 et_pb_section et_section_regular et_block_section et_pb_section_parallax\"><span class=\"et-pb-parallax-wrapper\"><span class=\"et-pb-parallax-background et-pb-parallax-background-module--divi-section-1\" style=\"background-image:url(https:\/\/visitcameroon.net\/wp-content\/uploads\/2024\/06\/Faro-National-Park.jpg)\"><\/span><span class=\"et_parallax_gradient\" style=\"background-image:radial-gradient(ellipse at center, #127475 0%,rgba(6, 37, 37, 0.66) 26%,rgba(0,0,0,0.5) 100%)\"><\/span><\/span>\n<div class=\"et_pb_row_1 et_pb_row et_block_row preset--module--divi-row--5138c454-be54-4233-bd3b-f8e6a8747976\">\n<div class=\"et_pb_column_3 et_pb_column et_pb_column_2_5 et_block_column et_pb_css_mix_blend_mode_passthrough preset--module--divi-column--73121f80-a3ef-4484-8763-c3f18e3c56d2\">\n<div class=\"et_pb_heading_1 et_pb_heading et_pb_module et_block_module preset--module--divi-heading--f0c675ea-2574-4d0e-b725-30f8550a8550\"><div class=\"et_pb_heading_container\"><h4 class=\"et_pb_module_header\">Explorez les Merveilles Naturelles du Cameroun<\/h4><\/div><\/div>\n\n<div class=\"et_pb_heading_2 et_pb_heading et_pb_module et_block_module preset--module--divi-heading--ba4a6336-701f-47b8-bf5c-09da0ce28016\"><div class=\"et_pb_heading_container\"><h3 class=\"et_pb_module_header\">D\u00e9couvrez la richesse des parcs nationaux et r\u00e9serves du Cameroun<\/h3><\/div><\/div>\n\n<div class=\"et_pb_text_0 et_pb_text et_pb_bg_layout_light et_pb_module et_block_module preset--module--divi-text--2c55a9c4-feed-423b-9edb-ae0b5b365cac\"><div class=\"et_pb_text_inner\"><p>Le Cameroun abrite certains des parcs nationaux et r\u00e9serves les plus \u00e9poustouflants d'Afrique. Des for\u00eats tropicales luxuriantes du parc national de Korup aux savanes du parc national de Waza, chaque site offre un aper\u00e7u unique des \u00e9cosyst\u00e8mes diversifi\u00e9s du pays. Ces zones prot\u00e9g\u00e9es sont non seulement essentielles \u00e0 la pr\u00e9servation de la biodiversit\u00e9, mais rev\u00eatent \u00e9galement une importance historique et culturelle significative. Les visiteurs peuvent explorer d'anciennes peintures rupestres dans le parc national de Bouba Njida ou observer les \u00e9l\u00e9phants majestueux dans le parc national de la B\u00e9nou\u00e9. Que vous soyez un ornithologue passionn\u00e9, un amateur de faune ou un passionn\u00e9 d'histoire, les parcs nationaux et r\u00e9serves du Cameroun offrent une exp\u00e9rience incomparable.<\/p>\n<\/div><\/div>\n<\/div>\n\n<div class=\"et_pb_column_4 et_pb_column et_pb_column_3_5 et-last-child et_block_column et_pb_css_mix_blend_mode_passthrough preset--module--divi-column--73121f80-a3ef-4484-8763-c3f18e3c56d2\">\n<div class=\"et_pb_video_0 et_pb_video et_pb_module et_block_module\"><div class=\"et_pb_video_box\"><iframe loading=\"lazy\" title=\"Le tourisme au Cameroun. Un documentaire de la CRTV\" width=\"1080\" height=\"608\" src=\"https:\/\/www.youtube.com\/embed\/lA8Kr0-zUtc?feature=oembed\"  allow=\"accelerometer; autoplay; clipboard-write; encrypted-media; gyroscope; picture-in-picture; web-share\" referrerpolicy=\"strict-origin-when-cross-origin\" allowfullscreen><\/iframe><\/div><\/div>\n<\/div>\n<\/div>\n<\/div>\n\n<div class=\"et_pb_section_2 et_pb_section et_section_regular et_block_section\">\n<div class=\"et_pb_row_2 et_pb_row et_block_row preset--module--divi-row--5138c454-be54-4233-bd3b-f8e6a8747976\">\n<div class=\"et_pb_column_5 et_pb_column et_pb_column_4_4 et-last-child et_block_column et_pb_css_mix_blend_mode_passthrough preset--module--divi-column--73121f80-a3ef-4484-8763-c3f18e3c56d2\">\n<div class=\"et_pb_heading_3 et_pb_heading et_pb_module et_block_module preset--module--divi-heading--c33f07d9-41e0-421a-8799-5799df695cce\"><div class=\"et_pb_heading_container\"><h2 class=\"et_pb_module_header\">Explorez nos meilleures destinations<\/h2><\/div><\/div>\n<\/div>\n<\/div>\n\n<div class=\"et_pb_row_3 et_pb_row et_pb_equal_columns et_block_row preset--module--divi-row--5138c454-be54-4233-bd3b-f8e6a8747976\">\n<div class=\"et_pb_column_6 et_pb_column et_pb_column_1_2 et_block_column et_pb_css_mix_blend_mode_passthrough preset--module--divi-column--73121f80-a3ef-4484-8763-c3f18e3c56d2\">\n<div class=\"et_pb_heading_4 et_pb_heading et_pb_module et_block_module preset--module--divi-heading--ba4a6336-701f-47b8-bf5c-09da0ce28016\"><div class=\"et_pb_heading_container\"><h3 class=\"et_pb_module_header\">Parc national du Waza<\/h3><\/div><\/div>\n\n<div class=\"et_pb_text_1 et_pb_text et_pb_bg_layout_light et_pb_module et_block_module preset--module--divi-text--0504de1e-f5ff-4281-ba60-cbbe4edf98bc\"><div class=\"et_pb_text_inner\"><p>Vivez le frisson d'apercevoir des lions, des \u00e9l\u00e9phants et des girafes dans leur habitat naturel dans l'un des parcs nationaux les plus c\u00e9l\u00e8bres du Cameroun.<\/p>\n<\/div><\/div>\n<\/div>\n\n<div class=\"et_pb_column_7 et_pb_column et_pb_column_1_2 et-last-child et_block_column et_pb_css_mix_blend_mode_passthrough preset--module--divi-column--73121f80-a3ef-4484-8763-c3f18e3c56d2\">\n<div class=\"et_pb_heading_5 et_pb_heading et_pb_module et_block_module preset--module--divi-heading--ba4a6336-701f-47b8-bf5c-09da0ce28016\"><div class=\"et_pb_heading_container\"><h3 class=\"et_pb_module_header\">Parc national de Korup. <\/h3><\/div><\/div>\n\n<div class=\"et_pb_text_2 et_pb_text et_pb_bg_layout_light et_pb_module et_block_module preset--module--divi-text--0504de1e-f5ff-4281-ba60-cbbe4edf98bc\"><div class=\"et_pb_text_inner\"><p>D\u00e9couvrez d'anciennes for\u00eats tropicales regorgeant d'une flore et d'une faune uniques, parfaites pour les randonneurs aventureux et les passionn\u00e9s de nature.<\/p>\n<\/div><\/div>\n<\/div>\n<\/div>\n\n<div class=\"et_pb_row_4 et_pb_row et_pb_equal_columns et_block_row preset--module--divi-row--5138c454-be54-4233-bd3b-f8e6a8747976\">\n<div class=\"et_pb_column_8 et_pb_column et_pb_column_1_2 et_block_column et_pb_css_mix_blend_mode_passthrough preset--module--divi-column--73121f80-a3ef-4484-8763-c3f18e3c56d2\">\n<div class=\"et_pb_heading_6 et_pb_heading et_pb_module et_block_module preset--module--divi-heading--ba4a6336-701f-47b8-bf5c-09da0ce28016\"><div class=\"et_pb_heading_container\"><h3 class=\"et_pb_module_header\">Festivals culturels<\/h3><\/div><\/div>\n\n<div class=\"et_pb_text_3 et_pb_text et_pb_bg_layout_light et_pb_module et_block_module preset--module--divi-text--0504de1e-f5ff-4281-ba60-cbbe4edf98bc\"><div class=\"et_pb_text_inner\"><p>Relevez le d\u00e9fi d'une ascension du plus haut sommet d'Afrique de l'Ouest et profitez de vues panoramiques sur le paysage environnant.<\/p>\n<\/div><\/div>\n<\/div>\n\n<div class=\"et_pb_column_9 et_pb_column et_pb_column_1_2 et-last-child et_block_column et_pb_css_mix_blend_mode_passthrough preset--module--divi-column--73121f80-a3ef-4484-8763-c3f18e3c56d2\">\n<div class=\"et_pb_heading_7 et_pb_heading et_pb_module et_block_module preset--module--divi-heading--ba4a6336-701f-47b8-bf5c-09da0ce28016\"><div class=\"et_pb_heading_container\"><h3 class=\"et_pb_module_header\">R\u00e9serve faunique de Dja<\/h3><\/div><\/div>\n\n<div class=\"et_pb_text_4 et_pb_text et_pb_bg_layout_light et_pb_module et_block_module preset--module--divi-text--0504de1e-f5ff-4281-ba60-cbbe4edf98bc\"><div class=\"et_pb_text_inner\"><p>Explorez l'une des plus grandes et des mieux pr\u00e9serv\u00e9es for\u00eats tropicales d'Afrique, abritant une incroyable vari\u00e9t\u00e9 de faune.<\/p>\n<\/div><\/div>\n<\/div>\n<\/div>\n\n<div class=\"et_pb_row_5 et_pb_row et_pb_equal_columns et_block_row preset--module--divi-row--5138c454-be54-4233-bd3b-f8e6a8747976\">\n<div class=\"et_pb_column_10 et_pb_column et_pb_column_1_2 et_block_column et_pb_css_mix_blend_mode_passthrough preset--module--divi-column--73121f80-a3ef-4484-8763-c3f18e3c56d2\">\n<div class=\"et_pb_heading_8 et_pb_heading et_pb_module et_block_module preset--module--divi-heading--ba4a6336-701f-47b8-bf5c-09da0ce28016\"><div class=\"et_pb_heading_container\"><h3 class=\"et_pb_module_header\">Parc Bouba Ndjidah<\/h3><\/div><\/div>\n\n<div class=\"et_pb_text_5 et_pb_text et_pb_bg_layout_light et_pb_module et_block_module preset--module--divi-text--0504de1e-f5ff-4281-ba60-cbbe4edf98bc\"><div class=\"et_pb_text_inner\"><p>S'\u00e9tendant sur environ 220 000 ha, c'est le domaine du rhinoc\u00e9ros, qui vit \u00e0 proximit\u00e9 d'autres esp\u00e8ces telles que les lions, les \u00e9l\u00e9phants, les panth\u00e8res et d'autres buffles. Le site est situ\u00e9 dans le Nord.<\/p>\n<\/div><\/div>\n<\/div>\n\n<div class=\"et_pb_column_11 et_pb_column et_pb_column_1_2 et-last-child et_block_column et_pb_css_mix_blend_mode_passthrough preset--module--divi-column--73121f80-a3ef-4484-8763-c3f18e3c56d2\">\n<div class=\"et_pb_heading_9 et_pb_heading et_pb_module et_block_module preset--module--divi-heading--ba4a6336-701f-47b8-bf5c-09da0ce28016\"><div class=\"et_pb_heading_container\"><h3 class=\"et_pb_module_header\">Plage de Limbe Seme<\/h3><\/div><\/div>\n\n<div class=\"et_pb_text_6 et_pb_text et_pb_bg_layout_light et_pb_module et_block_module preset--module--divi-text--0504de1e-f5ff-4281-ba60-cbbe4edf98bc\"><div class=\"et_pb_text_inner\"><p>Si la randonn\u00e9e n'est pas votre tasse de th\u00e9, vous pr\u00e9f\u00e9rerez peut-\u00eatre vous d\u00e9tendre dans la ville pittoresque de Limbe, parfaitement situ\u00e9e entre le mont Cameroun et l'oc\u00e9an Atlantique.<\/p>\n<\/div><\/div>\n<\/div>\n<\/div>\n<\/div>\n\n<div class=\"et_pb_section_3 et_pb_section et_section_regular et_block_section\">\n<div class=\"et_pb_row_6 et_pb_row et_block_row preset--module--divi-row--5138c454-be54-4233-bd3b-f8e6a8747976\">\n<div class=\"et_pb_column_12 et_pb_column et_pb_column_4_4 et-last-child et_block_column et_pb_css_mix_blend_mode_passthrough preset--module--divi-column--73121f80-a3ef-4484-8763-c3f18e3c56d2\">\n<div class=\"et_pb_heading_10 et_pb_heading et_pb_module et_block_module preset--module--divi-heading--c33f07d9-41e0-421a-8799-5799df695cce\"><div class=\"et_pb_heading_container\"><h2 class=\"et_pb_module_header\">D\u00e9couvrez la beaut\u00e9 du Cameroun<\/h2><\/div><\/div>\n<\/div>\n<\/div>\n\n<div class=\"et_pb_row_7 et_pb_row et_block_row preset--module--divi-row--5138c454-be54-4233-bd3b-f8e6a8747976\">\n<div class=\"et_pb_column_13 et_pb_column et_pb_column_1_3 et_block_column et_pb_css_mix_blend_mode_passthrough preset--module--divi-column--73121f80-a3ef-4484-8763-c3f18e3c56d2\">\n<div class=\"et_pb_image_0 et_pb_image et_pb_module et_block_module\"><span class=\"et_pb_image_wrap\"><img loading=\"lazy\" decoding=\"async\" src=\"https:\/\/visitcameroon.net\/wp-content\/uploads\/2024\/06\/National-Museum.png\" width=\"670\" height=\"510\" srcset=\"https:\/\/visitcameroon.net\/wp-content\/uploads\/2024\/06\/National-Museum.png 670w, https:\/\/visitcameroon.net\/wp-content\/uploads\/2024\/06\/National-Museum-480x365.png 480w\" sizes=\"(min-width: 0px) and (max-width: 480px) 480px, (min-width: 481px) 670px, 100vw\" class=\"wp-image-1435\" title=\"Mus\u00e9e national\" \/><\/span><\/div>\n\n<div class=\"et_pb_heading_11 et_pb_heading et_pb_module et_block_module\"><div class=\"et_pb_heading_container\"><h2 class=\"et_pb_module_header\">Mus\u00e9e National, Yaound\u00e9<\/h2><\/div><\/div>\n<\/div>\n\n<div class=\"et_pb_column_14 et_pb_column et_pb_column_1_3 et_block_column et_pb_css_mix_blend_mode_passthrough\">\n<div class=\"et_pb_image_1 et_pb_image et_pb_module et_block_module\"><span class=\"et_pb_image_wrap\"><img loading=\"lazy\" decoding=\"async\" src=\"https:\/\/visitcameroon.net\/wp-content\/uploads\/2024\/06\/Yaounde-Reunification-Monument-1024x768-1.jpg\" width=\"1024\" height=\"768\" srcset=\"https:\/\/visitcameroon.net\/wp-content\/uploads\/2024\/06\/Yaounde-Reunification-Monument-1024x768-1.jpg 1024w, https:\/\/visitcameroon.net\/wp-content\/uploads\/2024\/06\/Yaounde-Reunification-Monument-1024x768-1-980x735.jpg 980w, https:\/\/visitcameroon.net\/wp-content\/uploads\/2024\/06\/Yaounde-Reunification-Monument-1024x768-1-480x360.jpg 480w\" sizes=\"(min-width: 0px) and (max-width: 480px) 480px, (min-width: 481px) and (max-width: 980px) 980px, (min-width: 981px) 1024px, 100vw\" class=\"wp-image-234\" title=\"Monument de la R\u00e9unification Yaound\u00e9-1024x768-1\" \/><\/span><\/div>\n\n<div class=\"et_pb_heading_12 et_pb_heading et_pb_module et_block_module\"><div class=\"et_pb_heading_container\"><h2 class=\"et_pb_module_header\">Monument de la R\u00e9unification<\/h2><\/div><\/div>\n<\/div>\n\n<div class=\"et_pb_column_15 et_pb_column et_pb_column_1_3 et-last-child et_block_column et_pb_css_mix_blend_mode_passthrough\">\n<div class=\"et_pb_image_2 et_pb_image et_pb_module et_block_module preset--module--divi-image--6ed8fd5c-62c5-4100-98c3-7b8b6d2c2ee6\"><a href=\"https:\/\/visitcameroon.net\/wp-content\/uploads\/2024\/06\/Moonlight-dinning.jpeg\" class=\"et_pb_lightbox_image\"><span class=\"et_pb_image_wrap\"><img loading=\"lazy\" decoding=\"async\" src=\"https:\/\/visitcameroon.net\/wp-content\/uploads\/2024\/06\/Moonlight-dinning.jpeg\" width=\"680\" height=\"510\" srcset=\"https:\/\/visitcameroon.net\/wp-content\/uploads\/2024\/06\/Moonlight-dinning.jpeg 680w, https:\/\/visitcameroon.net\/wp-content\/uploads\/2024\/06\/Moonlight-dinning-480x360.jpeg 480w\" sizes=\"(min-width: 0px) and (max-width: 480px) 480px, (min-width: 481px) 680px, 100vw\" class=\"wp-image-1444\" title=\"D\u00eener au clair de lune\" \/><\/span><\/a><\/div>\n\n<div class=\"et_pb_heading_13 et_pb_heading et_pb_module et_block_module\"><div class=\"et_pb_heading_container\"><h2 class=\"et_pb_module_header\">D\u00eener sous le clair de lune<\/h2><\/div><\/div>\n<\/div>\n<\/div>\n\n<div class=\"et_pb_row_8 et_pb_row et_block_row preset--module--divi-row--5138c454-be54-4233-bd3b-f8e6a8747976\">\n<div class=\"et_pb_column_16 et_pb_column et_pb_column_1_3 et_block_column et_pb_css_mix_blend_mode_passthrough preset--module--divi-column--73121f80-a3ef-4484-8763-c3f18e3c56d2\">\n<div class=\"et_pb_image_3 et_pb_image et_pb_module et_block_module\"><span class=\"et_pb_image_wrap\"><img loading=\"lazy\" decoding=\"async\" src=\"https:\/\/visitcameroon.net\/wp-content\/uploads\/2024\/06\/yaohitw-exterior.avif\" width=\"768\" height=\"430\" srcset=\"https:\/\/visitcameroon.net\/wp-content\/uploads\/2024\/06\/yaohitw-exterior.avif 768w, https:\/\/visitcameroon.net\/wp-content\/uploads\/2024\/06\/yaohitw-exterior-300x168.avif 300w, https:\/\/visitcameroon.net\/wp-content\/uploads\/2024\/06\/yaohitw-exterior-480x269.avif 480w\" sizes=\"(max-width: 768px) 100vw, 768px\" class=\"wp-image-1441\" title=\"yaohitw-ext\u00e9rieur\" \/><\/span><\/div>\n\n<div class=\"et_pb_heading_14 et_pb_heading et_pb_module et_block_module\"><div class=\"et_pb_heading_container\"><h2 class=\"et_pb_module_header\">H\u00f4tel Hilton de Yaound\u00e9<\/h2><\/div><\/div>\n<\/div>\n\n<div class=\"et_pb_column_17 et_pb_column et_pb_column_1_3 et_block_column et_pb_css_mix_blend_mode_passthrough\">\n<div class=\"et_pb_image_4 et_pb_image et_pb_module et_block_module\"><span class=\"et_pb_image_wrap\"><img loading=\"lazy\" decoding=\"async\" src=\"https:\/\/visitcameroon.net\/wp-content\/uploads\/2024\/06\/Fon-of-Foumban.jpeg\" width=\"1920\" height=\"1272\" srcset=\"https:\/\/visitcameroon.net\/wp-content\/uploads\/2024\/06\/Fon-of-Foumban.jpeg 1920w, https:\/\/visitcameroon.net\/wp-content\/uploads\/2024\/06\/Fon-of-Foumban-1280x848.jpeg 1280w, https:\/\/visitcameroon.net\/wp-content\/uploads\/2024\/06\/Fon-of-Foumban-980x649.jpeg 980w, https:\/\/visitcameroon.net\/wp-content\/uploads\/2024\/06\/Fon-of-Foumban-480x318.jpeg 480w\" sizes=\"(min-width: 0px) and (max-width: 480px) 480px, (min-width: 481px) and (max-width: 980px) 980px, (min-width: 981px) and (max-width: 1280px) 1280px, (min-width: 1281px) 1920px, 100vw\" class=\"wp-image-1269\" title=\"Fon de Foumban\" \/><\/span><\/div>\n\n<div class=\"et_pb_heading_15 et_pb_heading et_pb_module et_block_module\"><div class=\"et_pb_heading_container\"><h2 class=\"et_pb_module_header\">Festivals dans l'Ouest <\/h2><\/div><\/div>\n<\/div>\n\n<div class=\"et_pb_column_18 et_pb_column et_pb_column_1_3 et-last-child et_block_column et_pb_css_mix_blend_mode_passthrough\">\n<div class=\"et_pb_image_5 et_pb_image et_pb_module et_block_module preset--module--divi-image--6ed8fd5c-62c5-4100-98c3-7b8b6d2c2ee6\"><a href=\"https:\/\/visitcameroon.net\/wp-content\/uploads\/2024\/06\/nigtlife-in-Yde.jpeg\" class=\"et_pb_lightbox_image\"><span class=\"et_pb_image_wrap\"><img loading=\"lazy\" decoding=\"async\" src=\"https:\/\/visitcameroon.net\/wp-content\/uploads\/2024\/06\/nigtlife-in-Yde.jpeg\" width=\"680\" height=\"382\" srcset=\"https:\/\/visitcameroon.net\/wp-content\/uploads\/2024\/06\/nigtlife-in-Yde.jpeg 680w, https:\/\/visitcameroon.net\/wp-content\/uploads\/2024\/06\/nigtlife-in-Yde-480x270.jpeg 480w\" sizes=\"(min-width: 0px) and (max-width: 480px) 480px, (min-width: 481px) 680px, 100vw\" class=\"wp-image-1443\" title=\"vie nocturne \u00e0 Yde\" \/><\/span><\/a><\/div>\n\n<div class=\"et_pb_heading_16 et_pb_heading et_pb_module et_block_module\"><div class=\"et_pb_heading_container\"><h2 class=\"et_pb_module_header\">La vie nocturne en ville<\/h2><\/div><\/div>\n<\/div>\n<\/div>\n<\/div>\n\n<div class=\"et_pb_section_4 et_pb_section et_section_regular et_block_section\">\n<div class=\"et_pb_row_9 et_pb_row et_block_row preset--module--divi-row--5138c454-be54-4233-bd3b-f8e6a8747976\">\n<div class=\"et_pb_column_19 et_pb_column et_pb_column_4_4 et-last-child et_block_column et_pb_css_mix_blend_mode_passthrough preset--module--divi-column--73121f80-a3ef-4484-8763-c3f18e3c56d2\">\n<div class=\"et_pb_cta_0 et_pb_promo et_pb_bg_layout_dark et_pb_module et_block_module preset--module--divi-cta--0cae81ab-7223-4b50-8e71-bfb309c58c86\"><div class=\"et_pb_promo_description\"><h2 class=\"et_pb_module_header\">R\u00e9servez votre aventure safari d\u00e8s aujourd'hui !<\/h2><div class=\"et_pb_promo_content\"><p>Pr\u00eat \u00e0 vous lancer dans un voyage inoubliable \u00e0 travers les paysages naturels du Cameroun ? R\u00e9servez votre safari d\u00e8s aujourd'hui et explorez les incroyables sites touristiques, parcs nationaux et r\u00e9serves que le Cameroun a \u00e0 offrir. Que vous planifiiez des vacances en famille ou une aventure en solo, nos visites guid\u00e9es offrent une exp\u00e9rience immersive que vous ne voudrez pas manquer. Cliquez sur le bouton ci-dessous pour commencer votre aventure avec Information Tourisme Cameroun. D\u00e9couvrez la beaut\u00e9, l'histoire et la faune du Cameroun comme jamais auparavant !<\/p>\n<\/div><\/div><div class=\"et_pb_button_wrapper\"><a class=\"et_pb_button et_pb_promo_button\" target=\"_blank\" href=\"https:\/\/www.hotelscombined.com\/Place\/Cameroon.htm\" rel=\"noreferrer\">R\u00e9server maintenant<\/a><\/div><\/div>\n<\/div>\n<\/div>\n<\/div>","protected":false},"excerpt":{"rendered":"","protected":false},"author":2,"featured_media":0,"parent":0,"menu_order":0,"comment_status":"closed","ping_status":"closed","template":"","meta":{"footnotes":""},"class_list":["post-41","page","type-page","status-publish","hentry"],"_links":{"self":[{"href":"https:\/\/visitcameroon.net\/fr\/wp-json\/wp\/v2\/pages\/41","targetHints":{"allow":["GET"]}}],"collection":[{"href":"https:\/\/visitcameroon.net\/fr\/wp-json\/wp\/v2\/pages"}],"about":[{"href":"https:\/\/visitcameroon.net\/fr\/wp-json\/wp\/v2\/types\/page"}],"author":[{"embeddable":true,"href":"https:\/\/visitcameroon.net\/fr\/wp-json\/wp\/v2\/users\/2"}],"replies":[{"embeddable":true,"href":"https:\/\/visitcameroon.net\/fr\/wp-json\/wp\/v2\/comments?post=41"}],"version-history":[{"count":7,"href":"https:\/\/visitcameroon.net\/fr\/wp-json\/wp\/v2\/pages\/41\/revisions"}],"predecessor-version":[{"id":220758,"href":"https:\/\/visitcameroon.net\/fr\/wp-json\/wp\/v2\/pages\/41\/revisions\/220758"}],"wp:attachment":[{"href":"https:\/\/visitcameroon.net\/fr\/wp-json\/wp\/v2\/media?parent=41"}],"curies":[{"name":"wp","href":"https:\/\/api.w.org\/{rel}","templated":true}]}}