{"id":37,"date":"2024-06-05T15:07:23","date_gmt":"2024-06-05T19:07:23","guid":{"rendered":"https:\/\/visitcameroon.net\/?page_id=37"},"modified":"2025-10-17T21:13:39","modified_gmt":"2025-10-18T01:13:39","slug":"history","status":"publish","type":"page","link":"https:\/\/visitcameroon.net\/fr\/history\/","title":{"rendered":"History"},"content":{"rendered":"<div class=\"et_pb_section_0 et_pb_section et_section_regular et_block_section et-pb-has-background-video et_pb_preload section_has_divider et_pb_bottom_divider preset--module--divi-section--74c69059-8e69-4122-b1e6-dfeabf6c5711\"><span class=\"et-pb-background-video\"><video autoplay loop playsinline muted><source type=\"video\/mp4\" src=\"https:\/\/visitcameroon.net\/wp-content\/uploads\/2024\/07\/135802-764361911_tiny.mp4\" \/><\/video><\/span><div class=\"et_pb_row_0 et_pb_row et_block_row preset--module--divi-row--5138c454-be54-4233-bd3b-f8e6a8747976\"><div class=\"et_pb_column_0 et_pb_column et_pb_column_4_4 et-last-child et_block_column et_pb_css_mix_blend_mode_passthrough preset--module--divi-column--73121f80-a3ef-4484-8763-c3f18e3c56d2\"><div class=\"et_pb_heading_0 et_pb_heading et_pb_module et_flex_module\"><div class=\"et_pb_heading_container\"><h2 class=\"et_pb_module_header\">UN VOYAGE \u00c0 TRAVERS LE TEMPS<\/h2><\/div><\/div><\/div><\/div><div class=\"et_pb_bottom_inside_divider et-no-transition\"><\/div><\/div><div class=\"et_pb_section_1 et_pb_section et_section_regular et_block_section\"><div class=\"et_pb_row_1 et_pb_row et_block_row preset--module--divi-row--5138c454-be54-4233-bd3b-f8e6a8747976\"><div class=\"et_pb_column_1 et_pb_column et_pb_column_4_4 et-last-child et_block_column et_pb_css_mix_blend_mode_passthrough preset--module--divi-column--73121f80-a3ef-4484-8763-c3f18e3c56d2\"><div class=\"et_pb_text_0 et_pb_text et_pb_bg_layout_light et_pb_module et_flex_module preset--module--divi-text--0504de1e-f5ff-4281-ba60-cbbe4edf98bc\"><div class=\"et_pb_text_inner\"><p>Explorez les moments charni\u00e8res qui ont fa\u00e7onn\u00e9 la R\u00e9publique du Cameroun, depuis ses d\u00e9buts jusqu'\u00e0 son statut actuel de nation dynamique.<\/p>\n<\/div><\/div><\/div><\/div><\/div><div class=\"et_pb_section_2 et_pb_section et_pb_fullwidth_section et_section_regular et_block_section\"><div class=\"et_pb_fullwidth_image_0 et_pb_fullwidth_image et_pb_module\"><img loading=\"lazy\" decoding=\"async\" src=\"https:\/\/visitcameroon.net\/wp-content\/uploads\/2024\/07\/Boeing_747Cam-e1721317199561.jpg\" title=\"Boeing_747Cam\" width=\"1024\" height=\"337\" srcset=\"https:\/\/visitcameroon.net\/wp-content\/uploads\/2024\/07\/Boeing_747Cam-e1721317199561.jpg 1024w, https:\/\/visitcameroon.net\/wp-content\/uploads\/2024\/07\/Boeing_747Cam-e1721317199561-980x337.jpg 980w, https:\/\/visitcameroon.net\/wp-content\/uploads\/2024\/07\/Boeing_747Cam-e1721317199561-480x270.jpg 480w\" sizes=\"(min-width: 0px) and (max-width: 480px) 480px, (min-width: 481px) and (max-width: 980px) 980px, (min-width: 981px) 1024px, 100vw\" class=\"wp-image-2667\" \/><\/div><\/div><div class=\"et_pb_section_3 et_pb_section et_section_regular et_block_section\"><div class=\"et_pb_row_2 et_pb_row et_block_row preset--module--divi-row--5138c454-be54-4233-bd3b-f8e6a8747976\"><div class=\"et_pb_column_2 et_pb_column et_pb_column_4_4 et-last-child et_block_column et_pb_css_mix_blend_mode_passthrough preset--module--divi-column--73121f80-a3ef-4484-8763-c3f18e3c56d2\"><div class=\"et_pb_heading_1 et_pb_heading et_pb_module et_flex_module preset--module--divi-heading--c33f07d9-41e0-421a-8799-5799df695cce\"><div class=\"et_pb_heading_container\"><h1 class=\"et_pb_module_header\">Jalons historiques du Cameroun<\/h1><\/div><\/div><\/div><\/div><div class=\"et_pb_row_3 et_pb_row et_pb_row_4col et_pb_equal_columns et_pb_gutters2 et_block_row et_block_row_4col preset--module--divi-row--5138c454-be54-4233-bd3b-f8e6a8747976\"><div class=\"et_pb_column_3 et_pb_column et_pb_column_1_4 et_block_column et_pb_css_mix_blend_mode_passthrough preset--module--divi-column--73121f80-a3ef-4484-8763-c3f18e3c56d2\"><div class=\"et_pb_heading_2 et_pb_heading et_pb_module et_flex_module preset--module--divi-heading--ba4a6336-701f-47b8-bf5c-09da0ce28016\"><div class=\"et_pb_heading_container\"><h3 class=\"et_pb_module_header\">1960<\/h3><\/div><\/div><div class=\"et_pb_heading_3 et_pb_heading et_pb_module et_flex_module preset--module--divi-heading--a3805066-8711-43c7-9f62-5782da0e9f7a\"><div class=\"et_pb_heading_container\"><h5 class=\"et_pb_module_header\">Ind\u00e9pendance du joug fran\u00e7ais<\/h5><\/div><\/div><div class=\"et_pb_text_1 et_pb_text et_pb_bg_layout_light et_pb_module et_flex_module preset--module--divi-text--2c55a9c4-feed-423b-9edb-ae0b5b365cac\"><div class=\"et_pb_text_inner\"><p>Le 1er janvier 1960, le Cameroun a obtenu son ind\u00e9pendance de la domination coloniale fran\u00e7aise, marquant la naissance de la R\u00e9publique du Cameroun.<\/p>\n<\/div><\/div><div class=\"et_pb_image_0 et_pb_image et_pb_module et_flex_module\"><span class=\"et_pb_image_wrap\"><img loading=\"lazy\" decoding=\"async\" src=\"https:\/\/visitcameroon.net\/wp-content\/uploads\/2024\/06\/Ministry-of-Tourism.jpeg\" title=\"Minist\u00e8re du Tourisme\" width=\"612\" height=\"410\" srcset=\"https:\/\/visitcameroon.net\/wp-content\/uploads\/2024\/06\/Ministry-of-Tourism.jpeg 612w, https:\/\/visitcameroon.net\/wp-content\/uploads\/2024\/06\/Ministry-of-Tourism-480x322.jpeg 480w\" sizes=\"(min-width: 0px) and (max-width: 480px) 480px, (min-width: 481px) 612px, 100vw\" class=\"wp-image-510\" \/><\/span><\/div><\/div><div class=\"et_pb_column_4 et_pb_column et_pb_column_1_4 et_block_column et_pb_css_mix_blend_mode_passthrough preset--module--divi-column--73121f80-a3ef-4484-8763-c3f18e3c56d2\"><div class=\"et_pb_heading_4 et_pb_heading et_pb_module et_flex_module preset--module--divi-heading--ba4a6336-701f-47b8-bf5c-09da0ce28016\"><div class=\"et_pb_heading_container\"><h3 class=\"et_pb_module_header\">1961<\/h3><\/div><\/div><div class=\"et_pb_heading_5 et_pb_heading et_pb_module et_flex_module preset--module--divi-heading--a3805066-8711-43c7-9f62-5782da0e9f7a\"><div class=\"et_pb_heading_container\"><h5 class=\"et_pb_module_header\">Unification du Cameroun<\/h5><\/div><\/div><div class=\"et_pb_text_2 et_pb_text et_pb_bg_layout_light et_pb_module et_flex_module preset--module--divi-text--2c55a9c4-feed-423b-9edb-ae0b5b365cac\"><div class=\"et_pb_text_inner\"><p>En 1961, le Cameroun m\u00e9ridional britannique a vot\u00e9 pour rejoindre la R\u00e9publique du Cameroun, entra\u00eenant l'unification du pays.<\/p>\n<\/div><\/div><div class=\"et_pb_image_1 et_pb_image et_pb_module et_flex_module\"><span class=\"et_pb_image_wrap\"><img loading=\"lazy\" decoding=\"async\" src=\"https:\/\/visitcameroon.net\/wp-content\/uploads\/2024\/06\/Yaounde-Reunification-Monument-1024x768-1.jpg\" title=\"Monument de la R\u00e9unification Yaound\u00e9-1024x768-1\" width=\"1024\" height=\"768\" srcset=\"https:\/\/visitcameroon.net\/wp-content\/uploads\/2024\/06\/Yaounde-Reunification-Monument-1024x768-1.jpg 1024w, https:\/\/visitcameroon.net\/wp-content\/uploads\/2024\/06\/Yaounde-Reunification-Monument-1024x768-1-980x735.jpg 980w, https:\/\/visitcameroon.net\/wp-content\/uploads\/2024\/06\/Yaounde-Reunification-Monument-1024x768-1-480x360.jpg 480w\" sizes=\"(min-width: 0px) and (max-width: 480px) 480px, (min-width: 481px) and (max-width: 980px) 980px, (min-width: 981px) 1024px, 100vw\" class=\"wp-image-234\" \/><\/span><\/div><\/div><div class=\"et_pb_column_5 et_pb_column et_pb_column_1_4 et_block_column et_pb_css_mix_blend_mode_passthrough preset--module--divi-column--73121f80-a3ef-4484-8763-c3f18e3c56d2\"><div class=\"et_pb_heading_6 et_pb_heading et_pb_module et_flex_module preset--module--divi-heading--ba4a6336-701f-47b8-bf5c-09da0ce28016\"><div class=\"et_pb_heading_container\"><h3 class=\"et_pb_module_header\">1982<\/h3><\/div><\/div><div class=\"et_pb_heading_7 et_pb_heading et_pb_module et_flex_module preset--module--divi-heading--a3805066-8711-43c7-9f62-5782da0e9f7a\"><div class=\"et_pb_heading_container\"><h5 class=\"et_pb_module_header\">Paul Biya devient pr\u00e9sident<\/h5><\/div><\/div><div class=\"et_pb_text_3 et_pb_text et_pb_bg_layout_light et_pb_module et_flex_module preset--module--divi-text--2c55a9c4-feed-423b-9edb-ae0b5b365cac\"><div class=\"et_pb_text_inner\"><p>Paul Biya a acc\u00e9d\u00e9 \u00e0 la pr\u00e9sidence en 1982, devenant ainsi l'un des dirigeants les plus anciens d'Afrique.<\/p>\n<\/div><\/div><div class=\"et_pb_image_2 et_pb_image et_pb_module et_flex_module\"><span class=\"et_pb_image_wrap\"><img loading=\"lazy\" decoding=\"async\" src=\"https:\/\/visitcameroon.net\/wp-content\/uploads\/2024\/06\/paulBiya.jpeg\" title=\"Paul Biya\" width=\"225\" height=\"225\" srcset=\"https:\/\/visitcameroon.net\/wp-content\/uploads\/2024\/06\/paulBiya.jpeg 225w, https:\/\/visitcameroon.net\/wp-content\/uploads\/2024\/06\/paulBiya-150x150.jpeg 150w\" sizes=\"(max-width: 225px) 100vw, 225px\" class=\"wp-image-565\" \/><\/span><\/div><\/div><div class=\"et_pb_column_6 et_pb_column et_pb_column_1_4 et-last-child et_block_column et_pb_css_mix_blend_mode_passthrough preset--module--divi-column--73121f80-a3ef-4484-8763-c3f18e3c56d2\"><div class=\"et_pb_heading_8 et_pb_heading et_pb_module et_flex_module preset--module--divi-heading--ba4a6336-701f-47b8-bf5c-09da0ce28016\"><div class=\"et_pb_heading_container\"><h3 class=\"et_pb_module_header\">1990<\/h3><\/div><\/div><div class=\"et_pb_heading_9 et_pb_heading et_pb_module et_flex_module preset--module--divi-heading--a3805066-8711-43c7-9f62-5782da0e9f7a\"><div class=\"et_pb_heading_container\"><h5 class=\"et_pb_module_header\">Introduction de la politique multipartite<\/h5><\/div><\/div><div class=\"et_pb_text_4 et_pb_text et_pb_bg_layout_light et_pb_module et_flex_module preset--module--divi-text--2c55a9c4-feed-423b-9edb-ae0b5b365cac\"><div class=\"et_pb_text_inner\"><p>Les ann\u00e9es 1990 ont vu l'introduction du multipartisme au Cameroun, ouvrant la voie \u00e0 une plus grande diversit\u00e9 politique et \u00e0 la d\u00e9mocratie.<\/p>\n<\/div><\/div><div class=\"et_pb_image_3 et_pb_image et_pb_module et_flex_module\"><span class=\"et_pb_image_wrap\"><img loading=\"lazy\" decoding=\"async\" src=\"https:\/\/visitcameroon.net\/wp-content\/uploads\/2024\/06\/Unity-Palace.jpeg\" title=\"Palais de l&#039;Unit\u00e9\" width=\"1024\" height=\"678\" srcset=\"https:\/\/visitcameroon.net\/wp-content\/uploads\/2024\/06\/Unity-Palace.jpeg 1024w, https:\/\/visitcameroon.net\/wp-content\/uploads\/2024\/06\/Unity-Palace-980x649.jpeg 980w, https:\/\/visitcameroon.net\/wp-content\/uploads\/2024\/06\/Unity-Palace-480x318.jpeg 480w\" sizes=\"(min-width: 0px) and (max-width: 480px) 480px, (min-width: 481px) and (max-width: 980px) 980px, (min-width: 981px) 1024px, 100vw\" class=\"wp-image-544\" \/><\/span><\/div><\/div><\/div><\/div><div class=\"et_pb_section_4 et_pb_section et_section_regular et_block_section\"><div class=\"et_pb_row_4 et_pb_row et_block_row preset--module--divi-row--5138c454-be54-4233-bd3b-f8e6a8747976\"><div class=\"et_pb_column_7 et_pb_column et_pb_column_4_4 et-last-child et_block_column et_pb_css_mix_blend_mode_passthrough preset--module--divi-column--73121f80-a3ef-4484-8763-c3f18e3c56d2\"><div class=\"et_pb_heading_10 et_pb_heading et_pb_module et_flex_module preset--module--divi-heading--ddeb8c09-9078-4424-bc15-2efb6572e28e\"><div class=\"et_pb_heading_container\"><h1 class=\"et_pb_module_header\">Explorer davantage le Cameroun<\/h1><\/div><\/div><div class=\"et_pb_module et_pb_button_module_wrapper et_pb_button_0_wrapper preset--module--divi-button--ab15fb74-61a3-43aa-96b3-41e09aeef654_wrapper\"><a class=\"et_pb_button_0 et_pb_button et_pb_bg_layout_light et_pb_module et_flex_module preset--module--divi-button--ab15fb74-61a3-43aa-96b3-41e09aeef654\" href=\"https:\/\/prc.cm\/en\" target=\"_blank\">D\u00e9couvrez-en plus<\/a><\/div><\/div><\/div><\/div>","protected":false},"excerpt":{"rendered":"","protected":false},"author":2,"featured_media":0,"parent":0,"menu_order":0,"comment_status":"closed","ping_status":"closed","template":"","meta":{"footnotes":""},"class_list":["post-37","page","type-page","status-publish","hentry"],"_links":{"self":[{"href":"https:\/\/visitcameroon.net\/fr\/wp-json\/wp\/v2\/pages\/37","targetHints":{"allow":["GET"]}}],"collection":[{"href":"https:\/\/visitcameroon.net\/fr\/wp-json\/wp\/v2\/pages"}],"about":[{"href":"https:\/\/visitcameroon.net\/fr\/wp-json\/wp\/v2\/types\/page"}],"author":[{"embeddable":true,"href":"https:\/\/visitcameroon.net\/fr\/wp-json\/wp\/v2\/users\/2"}],"replies":[{"embeddable":true,"href":"https:\/\/visitcameroon.net\/fr\/wp-json\/wp\/v2\/comments?post=37"}],"version-history":[{"count":5,"href":"https:\/\/visitcameroon.net\/fr\/wp-json\/wp\/v2\/pages\/37\/revisions"}],"predecessor-version":[{"id":3903,"href":"https:\/\/visitcameroon.net\/fr\/wp-json\/wp\/v2\/pages\/37\/revisions\/3903"}],"wp:attachment":[{"href":"https:\/\/visitcameroon.net\/fr\/wp-json\/wp\/v2\/media?parent=37"}],"curies":[{"name":"wp","href":"https:\/\/api.w.org\/{rel}","templated":true}]}}