{"id":23,"date":"2024-06-05T15:03:56","date_gmt":"2024-06-05T19:03:56","guid":{"rendered":"https:\/\/visitcameroon.net\/?page_id=23"},"modified":"2026-05-09T10:55:00","modified_gmt":"2026-05-09T14:55:00","slug":"contact","status":"publish","type":"page","link":"https:\/\/visitcameroon.net\/fr\/contact\/","title":{"rendered":"Contact"},"content":{"rendered":"<div class=\"et_pb_section_0 et_pb_section et_section_regular et_block_section et-pb-has-background-video et_pb_preload\"><span class=\"et-pb-background-video\"><video autoplay loop playsinline muted height=\"500\"><source type=\"video\/mp4\" src=\"https:\/\/visitcameroon.net\/wp-content\/uploads\/2024\/07\/beach-call.mp4\" \/><\/video><\/span>\n<div class=\"et_pb_row_0 et_pb_row et_block_row\">\n<div class=\"et_pb_column_0 et_pb_column et_pb_column_4_4 et-last-child et_block_column et_pb_css_mix_blend_mode_passthrough\">\n<div class=\"et_pb_heading_0 et_pb_heading et_pb_module et_block_module\"><div class=\"et_pb_heading_container\"><h1 class=\"et_pb_module_header\">Contactez-nous et embarquez pour un voyage inoubliable<\/h1><\/div><\/div>\n<\/div>\n<\/div>\n<\/div>\n\n<div class=\"et_pb_section_1 et_pb_section et_section_regular et_block_section preset--module--divi-section--8363d3a1-7f13-4aae-8984-26124f93e21c\">\n<div class=\"et_pb_row_1 et_pb_row et_block_row preset--module--divi-row--5138c454-be54-4233-bd3b-f8e6a8747976\">\n<div class=\"et_pb_column_1 et_pb_column et_pb_column_4_4 et-last-child et_block_column et_pb_css_mix_blend_mode_passthrough preset--module--divi-column--73121f80-a3ef-4484-8763-c3f18e3c56d2\">\n<div class=\"et_pb_heading_1 et_pb_heading et_pb_module et_block_module preset--module--divi-heading--ddeb8c09-9078-4424-bc15-2efb6572e28e\"><div class=\"et_pb_heading_container\"><h2 class=\"et_pb_module_header\">Contactez-nous<\/h2><\/div><\/div>\n<\/div>\n<\/div>\n<\/div>\n\n<div class=\"et_pb_section_2 et_pb_section et_section_regular et_flex_section\">\n<div class=\"et_pb_row_2 et_pb_row et_flex_row\">\n<div class=\"et_pb_column_2 et_pb_column et-last-child et_flex_column et_pb_css_mix_blend_mode_passthrough et_flex_column_24_24 et_flex_column_24_24_tablet et_flex_column_24_24_phone et_flex_column_24_24_phoneWide et_flex_column_24_24_tabletWide et_flex_column_24_24_widescreen et_flex_column_24_24_ultraWide\">\n<div class=\"et_pb_code_0 et_pb_code et_pb_module\"><div class=\"et_pb_code_inner\">        <div class=\"bitcf-root\" style=\"--bitcf-max:1190px;--bitcf-h1:clamp(1.75rem, 3.2vw, 3.1rem);--bitcf-h1-mobile:clamp(1.20rem, 3.5vw, 1rem);--bitcf-h2:clamp(1.15rem, 1.0vw, 1.0rem);--bitcf-body:clamp(1rem, 1.1vw, 1.10rem);--bitcf-small:clamp(.75rem, .7vw, .75rem);\">\n            <div class=\"bitcf-shell\">\n                                    <section class=\"bitcf-hero\" aria-label=\"Formulaire de contact\">\n                        <div>\n                            <span class=\"bitcf-kicker\">Visitez le Cameroun<\/span>\n                            <h1>Contacter l'Office du Tourisme du Cameroun<\/h1>\n                            <p>Envoyez votre question \u00e0 l'\u00e9quipe BIT appropri\u00e9e. Choisissez un type de demande et le formulaire acheminera votre message vers le groupe de destinataires configur\u00e9.<\/p>\n                        <\/div>\n                        <aside class=\"bitcf-contact-card\">\n                            <strong>BIT Washington<\/strong>\n                            <span>2349 Massachusetts Ave. NW, Washington DC 20080<\/span>\n                            <span>+1 (202) 265-8790<\/span>\n                            <span>cambitwashington@yahoo.com<\/span>\n                        <\/aside>\n                    <\/section>\n                \n                \n                <section class=\"bitcf-layout\">\n                    <form method=\"post\" class=\"bitcf-form\" novalidate action=\"\">\n                        <input type=\"hidden\" id=\"bitcf_nonce\" name=\"bitcf_nonce\" value=\"6f0e376832\" \/><input type=\"hidden\" name=\"_wp_http_referer\" value=\"\/fr\/wp-json\/wp\/v2\/pages\/23\" \/>                        <input type=\"hidden\" name=\"bitcf_form_posted\" value=\"1\">\n                        <input type=\"hidden\" name=\"bitcf_started\" value=\"1778416595\">\n                        <p class=\"bitcf-hp\"><label>Site web <input type=\"text\" name=\"bitcf_website\" tabindex=\"-1\" autocomplete=\"off\"><\/label><\/p>\n\n                        <div class=\"bitcf-grid bitcf-grid-2\">\n                            <label>Pr\u00e9nom <span>*<\/span><input required type=\"text\" name=\"first_name\" autocomplete=\"given-name\"><\/label>\n                            <label>Nom de famille <input type=\"text\" name=\"last_name\" autocomplete=\"family-name\"><\/label>\n                        <\/div>\n\n                        <div class=\"bitcf-grid bitcf-grid-2\">\n                            <label>Adresse e-mail <span>*<\/span><input required type=\"email\" name=\"email\" autocomplete=\"email\"><\/label>\n                            <label>Num\u00e9ro de t\u00e9l\u00e9phone <input type=\"tel\" name=\"phone\" autocomplete=\"tel\"><\/label>\n                        <\/div>\n\n                        <div class=\"bitcf-grid bitcf-grid-2\">\n                            <label>Pays \/ Lieu <input type=\"text\" name=\"country\" autocomplete=\"country-name\"><\/label>\n                            <label>Type de demande <span>*<\/span>\n                                <select required name=\"inquiry_type\">\n                                    <option value=\"\">S\u00e9lectionnez un d\u00e9partement<\/option>\n                                                                            <option value=\"General Travel Inquiry\">Demande g\u00e9n\u00e9rale de voyage<\/option>\n                                                                            <option value=\"Visa and Entry Questions\">Questions de Visa et d'Entr\u00e9e<\/option>\n                                                                            <option value=\"Tours and Itinerary Help\">Aide pour les visites et l'itin\u00e9raire<\/option>\n                                                                            <option value=\"Media and Partnerships\">M\u00e9dias et partenariats<\/option>\n                                                                            <option value=\"Events and Cultural Programs\">\u00c9v\u00e9nements et programmes culturels<\/option>\n                                                                            <option value=\"Website or Technical Issue\">Probl\u00e8me de site web ou technique<\/option>\n                                                                    <\/select>\n                            <\/label>\n                        <\/div>\n\n                        <div class=\"bitcf-grid bitcf-grid-2\">\n                            <label>Mois de voyage pr\u00e9vu <input type=\"text\" name=\"travel_month\" placeholder=\"Ao\u00fbt 2026\"><\/label>\n                            <label>Nombre de voyageurs <input type=\"number\" name=\"party_size\" min=\"1\" step=\"1\"><\/label>\n                        <\/div>\n\n                        <label>Message <span>*<\/span>\n                            <textarea required name=\"message\" maxlength=\"1500\" rows=\"7\" data-bitcf-counter=\"bitcf-message-count\" placeholder=\"Dites-nous en quoi nous pouvons vous aider.\"><\/textarea>\n                        <\/label>\n                        <div class=\"bitcf-counter\"><span id=\"bitcf-message-count\">0<\/span> \/ 1500<\/div>\n\n                        <input type=\"hidden\" name=\"g-recaptcha-response\" value=\"\" data-bitcf-recaptcha-token><input type=\"hidden\" name=\"bitcf_recaptcha_action\" value=\"bit_contact_form\"><div class=\"bitcf-recaptcha-note\" aria-live=\"polite\">Prot\u00e9g\u00e9 par Google reCAPTCHA.<\/div>\n                        <label class=\"bitcf-consent\">\n                            <input type=\"checkbox\" name=\"consent\" value=\"1\" required>\n                            <span>J'accepte que BIT Washington utilise ces informations pour r\u00e9pondre \u00e0 ma demande. Voir le <a href=\"https:\/\/visitcameroon.net\/fr\/politique-de-confidentialite\/\" target=\"_blank\" rel=\"noopener\">politique de confidentialit\u00e9<\/a>.<\/span>\n                        <\/label>\n\n                        <button type=\"submit\" class=\"bitcf-submit\">Envoyer le message<\/button>\n                    <input type=\"hidden\" name=\"trp-form-language\" value=\"fr\"\/><\/form>\n\n                    <aside class=\"bitcf-sidebar\" aria-label=\"Notes de contact\">\n                        <div class=\"bitcf-note-card\">\n                            <h2>Routage<\/h2>\n                            <p>Le type de votre demande d\u00e9termine le groupe de destinataires BIT qui recevra le message. Les e-mails sont masqu\u00e9s de la vue du public.<\/p>\n                        <\/div>\n                        <div class=\"bitcf-note-card\">\n                            <h2>Le meilleur pour des r\u00e9ponses plus rapides<\/h2>\n                            <ul>\n                                <li>Inclure votre ville ou r\u00e9gion de destination.<\/li>\n                                <li>Inclure votre mois de voyage et la taille de votre groupe.<\/li>\n                                <li>Utilisez le portail officiel eVisa pour les demandes de visa.<\/li>\n                            <\/ul>\n                        <\/div>\n                    <\/aside>\n                <\/section>\n            <\/div>\n        <\/div>\n        <\/div><\/div>\n<\/div>\n<\/div>\n<\/div>\n\n<div class=\"et_pb_section_3 et_pb_section et_section_regular et_block_section\">\n<div class=\"et_pb_row_3 et_pb_row et_block_row preset--module--divi-row--5138c454-be54-4233-bd3b-f8e6a8747976\">\n<div class=\"et_pb_column_3 et_pb_column et_pb_column_4_4 et-last-child et_block_column et_pb_css_mix_blend_mode_passthrough preset--module--divi-column--73121f80-a3ef-4484-8763-c3f18e3c56d2\">\n<div class=\"et_pb_heading_2 et_pb_heading et_pb_module et_block_module preset--module--divi-heading--f0c675ea-2574-4d0e-b725-30f8550a8550\"><div class=\"et_pb_heading_container\"><h4 class=\"et_pb_module_header\">Notre Mission et Notre Vision<\/h4><\/div><\/div>\n\n<div class=\"et_pb_heading_3 et_pb_heading et_pb_module et_block_module preset--module--divi-heading--c33f07d9-41e0-421a-8799-5799df695cce\"><div class=\"et_pb_heading_container\"><h2 class=\"et_pb_module_header\">L'Office de tourisme d'Am\u00e9rique du Nord<\/h2><\/div><\/div>\n\n<div class=\"et_pb_text_0 et_pb_text et_pb_bg_layout_light et_pb_module et_block_module preset--module--divi-text--2c55a9c4-feed-423b-9edb-ae0b5b365cac\"><div class=\"et_pb_text_inner\"><p>Le Bureau d'Information Touristique pour l'Am\u00e9rique du Nord (BIT) se consacre \u00e0 la promotion du riche patrimoine culturel et de la beaut\u00e9 naturelle du Cameroun. Notre mission est de fournir des informations compl\u00e8tes et pr\u00e9cises aux voyageurs, afin de leur garantir la meilleure exp\u00e9rience possible. Nous envisageons un monde o\u00f9 le Cameroun est reconnu comme une destination touristique de premier plan, c\u00e9l\u00e9br\u00e9e pour ses attractions diverses et son hospitalit\u00e9 chaleureuse.<\/p>\n<p>Nous nous engageons \u00e0 soutenir les pratiques du tourisme durable et \u00e0 promouvoir une profonde appr\u00e9ciation des paysages et des cultures uniques du Cameroun. Rejoignez-nous dans nos efforts pour pr\u00e9senter le meilleur du Cameroun au monde.<\/p>\n<\/div><\/div>\n<\/div>\n<\/div>\n<\/div>\n\n<div class=\"et_pb_section_4 et_pb_section et_section_regular et_block_section\">\n<div class=\"et_pb_row_4 et_pb_row et_block_row\">\n<div class=\"et_pb_column_4 et_pb_column et_pb_column_4_4 et-last-child et_block_column et_pb_css_mix_blend_mode_passthrough\">\n<div class=\"et_pb_map_0 et_pb_map_container et_pb_module et_flex_module\" data-grayscale=\"\"><div class=\"et_pb_map\" data-center-lat=\"38.9137655\" data-center-lng=\"-77.0523063\" data-zoom=\"18\" data-mouse-wheel=\"on\" data-mobile-dragging=\"on\"><\/div><\/div>\n<\/div>\n<\/div>\n\n<div class=\"et_pb_row_5 et_pb_row et-vb-row--no-module et_block_row\">\n<div class=\"et_pb_column_5 et_pb_column et_pb_column_4_4 et-last-child et_block_column et_pb_column_empty et_pb_css_mix_blend_mode_passthrough\"><\/div>\n<\/div>\n<\/div>","protected":false},"excerpt":{"rendered":"","protected":false},"author":2,"featured_media":0,"parent":0,"menu_order":0,"comment_status":"closed","ping_status":"closed","template":"","meta":{"footnotes":""},"class_list":["post-23","page","type-page","status-publish","hentry"],"_links":{"self":[{"href":"https:\/\/visitcameroon.net\/fr\/wp-json\/wp\/v2\/pages\/23","targetHints":{"allow":["GET"]}}],"collection":[{"href":"https:\/\/visitcameroon.net\/fr\/wp-json\/wp\/v2\/pages"}],"about":[{"href":"https:\/\/visitcameroon.net\/fr\/wp-json\/wp\/v2\/types\/page"}],"author":[{"embeddable":true,"href":"https:\/\/visitcameroon.net\/fr\/wp-json\/wp\/v2\/users\/2"}],"replies":[{"embeddable":true,"href":"https:\/\/visitcameroon.net\/fr\/wp-json\/wp\/v2\/comments?post=23"}],"version-history":[{"count":8,"href":"https:\/\/visitcameroon.net\/fr\/wp-json\/wp\/v2\/pages\/23\/revisions"}],"predecessor-version":[{"id":220763,"href":"https:\/\/visitcameroon.net\/fr\/wp-json\/wp\/v2\/pages\/23\/revisions\/220763"}],"wp:attachment":[{"href":"https:\/\/visitcameroon.net\/fr\/wp-json\/wp\/v2\/media?parent=23"}],"curies":[{"name":"wp","href":"https:\/\/api.w.org\/{rel}","templated":true}]}}