{"id":220733,"date":"2026-05-09T09:07:39","date_gmt":"2026-05-09T13:07:39","guid":{"rendered":"https:\/\/visitcameroon.net\/?page_id=220733"},"modified":"2026-05-09T09:22:01","modified_gmt":"2026-05-09T13:22:01","slug":"planifiez-ma-visite","status":"publish","type":"page","link":"https:\/\/visitcameroon.net\/fr\/plan-my-tour\/","title":{"rendered":"Planifier ma visite"},"content":{"rendered":"<div class=\"et_pb_section_0 et_pb_section et_section_regular et_flex_section\"><\/div>\r\n\r\n<div class=\"et_pb_section_1 et_pb_section et_section_regular et_flex_section\">\r\n\r\n<div class=\"et_pb_row_0 et_pb_row et_flex_row\">\r\n\r\n<div class=\"et_pb_column_0 et_pb_column et-last-child et_flex_column et_pb_css_mix_blend_mode_passthrough et_flex_column_24_24 et_flex_column_24_24_tablet et_flex_column_24_24_phone et_flex_column_24_24_phoneWide et_flex_column_24_24_tabletWide et_flex_column_24_24_widescreen et_flex_column_24_24_ultraWide\">\r\n\r\n<div class=\"et_pb_heading_0 et_pb_heading et_pb_module et_flex_module\"><div class=\"et_pb_heading_container\"><h1 class=\"et_pb_module_header\">Organisez votre visite<\/h1><\/div><\/div><\/div><\/div><\/div>\r\n\r\n<div class=\"et_pb_section_2 et_pb_section et_section_regular et_block_section\">\r\n\r\n<div class=\"et_pb_row_1 et_pb_row et_block_row\">\r\n\r\n<div class=\"et_pb_column_1 et_pb_column et_pb_column_4_4 et-last-child et_block_column et_pb_css_mix_blend_mode_passthrough\">\r\n\r\n<div class=\"et_pb_text_0 et_pb_text et_pb_bg_layout_light et_pb_module et_block_module\"><div class=\"et_pb_text_inner\"><p style=\"text-align: center;\"><div class=\"vc-book-wrap\" id=\"vc-book-wrap\">\n\n  <!-- Font size controls -->\n  <div class=\"vc-bk-font-controls\" role=\"group\" aria-label=\"Contr\u00f4les de la taille du texte\">\n    <span class=\"vc-bk-fc-label\">Taille du texte<\/span>\n    <button class=\"vc-bk-fc-btn\" id=\"vc-bk-fc-sm\"  aria-label=\"Petit texte\">A\u2212<\/button>\n    <button class=\"vc-bk-fc-btn vc-bk-fc-on\" id=\"vc-bk-fc-def\" aria-label=\"Texte par d\u00e9faut\">A<\/button>\n    <button class=\"vc-bk-fc-btn\" id=\"vc-bk-fc-lg\"  aria-label=\"Grand texte\">A+<\/button>\n    <button class=\"vc-bk-fc-btn\" id=\"vc-bk-fc-xl\"  aria-label=\"Texte extra large\">A++<\/button>\n    <span class=\"vc-bk-fc-current\" id=\"vc-bk-fc-current\">D\u00e9faut<\/span>\n  <\/div>\n\n  <!-- Progress bar -->\n  <div class=\"vc-progress-bar\">\n    <div class=\"vc-progress-fill\" id=\"vc-progress-fill\"><\/div>\n  <\/div>\n  <div class=\"vc-step-indicators\" id=\"vc-step-indicators\">\n    <div class=\"vc-step-dot active\" data-step=\"1\"><span>1<\/span><em>Destinations<\/em><\/div>\n    <div class=\"vc-step-dot\" data-step=\"2\"><span>2<\/span><em>Int\u00e9r\u00eats<\/em><\/div>\n    <div class=\"vc-step-dot\" data-step=\"3\"><span>3<\/span><em>Dates et groupe<\/em><\/div>\n    <div class=\"vc-step-dot\" data-step=\"4\"><span>4<\/span><em>Contact<\/em><\/div>\n  <\/div>\n\n  <div class=\"vc-form-body\">\n\n    <!-- STEP 1: Destinations -->\n    <div class=\"vc-step active\" data-step=\"1\">\n      <div class=\"vc-step-header\">\n        <span class=\"vc-step-icon\">\ud83d\uddfa\ufe0f<\/span>\n        <h3>Quelles r\u00e9gions vous int\u00e9ressent ?<\/h3>\n        <p>S\u00e9lectionnez tout ce qui s'applique \u2014 ou laissez vide pour explorer le pays en entier<\/p>\n      <\/div>\n      <div class=\"vc-checkbox-grid\" id=\"vc-regions-grid\">\n                <label class=\"vc-check-card\" for=\"reg-far-north\">\n          <input type=\"checkbox\" id=\"reg-far-north\" name=\"regions[]\" value=\"Far North\">\n          <div class=\"vc-check-inner\">\n            <span class=\"vc-check-icon\">D\u00e9sert<\/span>\n            <span class=\"vc-check-name\">Extr\u00eame Nord<\/span>\n            <span class=\"vc-check-sub\">Parc National de Waza, Monts Mandara, Maroua<\/span>\n          <\/div>\n          <div class=\"vc-check-tick\">\u2713<\/div>\n        <\/label>\n                <label class=\"vc-check-card\" for=\"reg-north\">\n          <input type=\"checkbox\" id=\"reg-north\" name=\"regions[]\" value=\"North\">\n          <div class=\"vc-check-inner\">\n            <span class=\"vc-check-icon\">\ud83e\udd81<\/span>\n            <span class=\"vc-check-name\">Nord<\/span>\n            <span class=\"vc-check-sub\">Parc National de la B\u00e9nou\u00e9, safaris fauniques<\/span>\n          <\/div>\n          <div class=\"vc-check-tick\">\u2713<\/div>\n        <\/label>\n                <label class=\"vc-check-card\" for=\"reg-adamawa\">\n          <input type=\"checkbox\" id=\"reg-adamawa\" name=\"regions[]\" value=\"Adamawa\">\n          <div class=\"vc-check-inner\">\n            <span class=\"vc-check-icon\">\ud83c\udfd4\ufe0f<\/span>\n            <span class=\"vc-check-name\">Adamaoua<\/span>\n            <span class=\"vc-check-sub\">Hauts plateaux frais, culture peule<\/span>\n          <\/div>\n          <div class=\"vc-check-tick\">\u2713<\/div>\n        <\/label>\n                <label class=\"vc-check-card\" for=\"reg-east\">\n          <input type=\"checkbox\" id=\"reg-east\" name=\"regions[]\" value=\"East\">\n          <div class=\"vc-check-inner\">\n            <span class=\"vc-check-icon\">\ud83c\udf3f<\/span>\n            <span class=\"vc-check-name\">Est<\/span>\n            <span class=\"vc-check-sub\">R\u00e9serve Dja, Pygm\u00e9es Baka<\/span>\n          <\/div>\n          <div class=\"vc-check-tick\">\u2713<\/div>\n        <\/label>\n                <label class=\"vc-check-card\" for=\"reg-center\">\n          <input type=\"checkbox\" id=\"reg-center\" name=\"regions[]\" value=\"Centre\">\n          <div class=\"vc-check-inner\">\n            <span class=\"vc-check-icon\">\ud83c\udfdb\ufe0f<\/span>\n            <span class=\"vc-check-name\">Centre<\/span>\n            <span class=\"vc-check-sub\">Yaound\u00e9, mus\u00e9es, capitale<\/span>\n          <\/div>\n          <div class=\"vc-check-tick\">\u2713<\/div>\n        <\/label>\n                <label class=\"vc-check-card\" for=\"reg-south\">\n          <input type=\"checkbox\" id=\"reg-south\" name=\"regions[]\" value=\"South\">\n          <div class=\"vc-check-inner\">\n            <span class=\"vc-check-icon\">Plage<\/span>\n            <span class=\"vc-check-name\">Sud<\/span>\n            <span class=\"vc-check-sub\">Plage de Kribi, Cascades de la Lob\u00e9<\/span>\n          <\/div>\n          <div class=\"vc-check-tick\">\u2713<\/div>\n        <\/label>\n                <label class=\"vc-check-card\" for=\"reg-littoral\">\n          <input type=\"checkbox\" id=\"reg-littoral\" name=\"regions[]\" value=\"Littoral\">\n          <div class=\"vc-check-inner\">\n            <span class=\"vc-check-icon\">\ud83c\udf06<\/span>\n            <span class=\"vc-check-name\">Littoral<\/span>\n            <span class=\"vc-check-sub\">Douala, ville portuaire, vie nocturne<\/span>\n          <\/div>\n          <div class=\"vc-check-tick\">\u2713<\/div>\n        <\/label>\n                <label class=\"vc-check-card\" for=\"reg-south-west\">\n          <input type=\"checkbox\" id=\"reg-south-west\" name=\"regions[]\" value=\"South West\">\n          <div class=\"vc-check-inner\">\n            <span class=\"vc-check-icon\">\ud83c\udf0b<\/span>\n            <span class=\"vc-check-name\">Sud-Ouest<\/span>\n            <span class=\"vc-check-sub\">Mont Cameroun, Limbe, Korup<\/span>\n          <\/div>\n          <div class=\"vc-check-tick\">\u2713<\/div>\n        <\/label>\n                <label class=\"vc-check-card\" for=\"reg-north-west\">\n          <input type=\"checkbox\" id=\"reg-north-west\" name=\"regions[]\" value=\"North West\">\n          <div class=\"vc-check-inner\">\n            <span class=\"vc-check-icon\">\ud83d\udc51<\/span>\n            <span class=\"vc-check-name\">Nord-Ouest<\/span>\n            <span class=\"vc-check-sub\">Bamenda, fondoms, Route circulaire<\/span>\n          <\/div>\n          <div class=\"vc-check-tick\">\u2713<\/div>\n        <\/label>\n                <label class=\"vc-check-card\" for=\"reg-west\">\n          <input type=\"checkbox\" id=\"reg-west\" name=\"regions[]\" value=\"West\">\n          <div class=\"vc-check-inner\">\n            <span class=\"vc-check-icon\">\ud83c\udfef<\/span>\n            <span class=\"vc-check-name\">Ouest<\/span>\n            <span class=\"vc-check-sub\">Palais de Foumban, lacs de crat\u00e8re<\/span>\n          <\/div>\n          <div class=\"vc-check-tick\">\u2713<\/div>\n        <\/label>\n              <\/div>\n    <\/div>\n\n    <!-- STEP 2: Interests -->\n    <div class=\"vc-step\" data-step=\"2\">\n      <div class=\"vc-step-header\">\n        <span class=\"vc-step-icon\">\ud83c\udfaf<\/span>\n        <h3>Quels sont vos centres d'int\u00e9r\u00eat en mati\u00e8re de voyage ?<\/h3>\n        <p>Aidez-nous \u00e0 adapter l'exp\u00e9rience camerounaise parfaite pour vous<\/p>\n      <\/div>\n      <div class=\"vc-checkbox-grid vc-interest-grid\">\n                <label class=\"vc-check-card\" for=\"int-wildlife-safaris\">\n          <input type=\"checkbox\" id=\"int-wildlife-safaris\" name=\"interests[]\" value=\"Wildlife &amp; Safaris\">\n          <div class=\"vc-check-inner\">\n            <span class=\"vc-check-icon\">\ud83e\udd8f<\/span>\n            <span class=\"vc-check-name\">Faune et Flore &amp; Safaris<\/span>\n            <span class=\"vc-check-sub\">Parcs nationaux et safaris<\/span>\n          <\/div>\n          <div class=\"vc-check-tick\">\u2713<\/div>\n        <\/label>\n                <label class=\"vc-check-card\" for=\"int-hiking-adventure\">\n          <input type=\"checkbox\" id=\"int-hiking-adventure\" name=\"interests[]\" value=\"Hiking &amp; Adventure\">\n          <div class=\"vc-check-inner\">\n            <span class=\"vc-check-icon\">\u26f0\ufe0f<\/span>\n            <span class=\"vc-check-name\">Randonn\u00e9e et aventure<\/span>\n            <span class=\"vc-check-sub\">Mont Cameroun, trekking<\/span>\n          <\/div>\n          <div class=\"vc-check-tick\">\u2713<\/div>\n        <\/label>\n                <label class=\"vc-check-card\" for=\"int-culture-heritage\">\n          <input type=\"checkbox\" id=\"int-culture-heritage\" name=\"interests[]\" value=\"Culture &amp; Heritage\">\n          <div class=\"vc-check-inner\">\n            <span class=\"vc-check-icon\">\ud83c\udffa<\/span>\n            <span class=\"vc-check-name\">Culture et patrimoine<\/span>\n            <span class=\"vc-check-sub\">Palais, mus\u00e9es, traditions<\/span>\n          <\/div>\n          <div class=\"vc-check-tick\">\u2713<\/div>\n        <\/label>\n                <label class=\"vc-check-card\" for=\"int-beaches-coast\">\n          <input type=\"checkbox\" id=\"int-beaches-coast\" name=\"interests[]\" value=\"Beaches &amp; Coast\">\n          <div class=\"vc-check-inner\">\n            <span class=\"vc-check-icon\">\ud83c\udfc4<\/span>\n            <span class=\"vc-check-name\">Plages et C\u00f4te<\/span>\n            <span class=\"vc-check-sub\">Kribi, Limbe, vie c\u00f4ti\u00e8re<\/span>\n          <\/div>\n          <div class=\"vc-check-tick\">\u2713<\/div>\n        <\/label>\n                <label class=\"vc-check-card\" for=\"int-ecotourism-rainforest\">\n          <input type=\"checkbox\" id=\"int-ecotourism-rainforest\" name=\"interests[]\" value=\"Ecotourism &amp; Rainforest\">\n          <div class=\"vc-check-inner\">\n            <span class=\"vc-check-icon\">\ud83c\udf33<\/span>\n            <span class=\"vc-check-name\">\u00c9cotourisme et for\u00eat tropicale<\/span>\n            <span class=\"vc-check-sub\">R\u00e9serve de Dja, Parc national de Korup<\/span>\n          <\/div>\n          <div class=\"vc-check-tick\">\u2713<\/div>\n        <\/label>\n                <label class=\"vc-check-card\" for=\"int-gastronomy-food\">\n          <input type=\"checkbox\" id=\"int-gastronomy-food\" name=\"interests[]\" value=\"Gastronomy &amp; Food\">\n          <div class=\"vc-check-inner\">\n            <span class=\"vc-check-icon\">\ud83c\udf7d\ufe0f<\/span>\n            <span class=\"vc-check-name\">Gastronomie et cuisine<\/span>\n            <span class=\"vc-check-sub\">Cuisine locale, march\u00e9s alimentaires<\/span>\n          <\/div>\n          <div class=\"vc-check-tick\">\u2713<\/div>\n        <\/label>\n                <label class=\"vc-check-card\" for=\"int-photography\">\n          <input type=\"checkbox\" id=\"int-photography\" name=\"interests[]\" value=\"Photography\">\n          <div class=\"vc-check-inner\">\n            <span class=\"vc-check-icon\">\ud83d\udcf8<\/span>\n            <span class=\"vc-check-name\">Photographie<\/span>\n            <span class=\"vc-check-sub\">Paysages, faune, culture<\/span>\n          <\/div>\n          <div class=\"vc-check-tick\">\u2713<\/div>\n        <\/label>\n                <label class=\"vc-check-card\" for=\"int-birdwatching\">\n          <input type=\"checkbox\" id=\"int-birdwatching\" name=\"interests[]\" value=\"Birdwatching\">\n          <div class=\"vc-check-inner\">\n            <span class=\"vc-check-icon\">\ud83e\udd9c<\/span>\n            <span class=\"vc-check-name\">Observation des oiseaux<\/span>\n            <span class=\"vc-check-sub\">Observation d'oiseaux \u00e0 Faro et Korup<\/span>\n          <\/div>\n          <div class=\"vc-check-tick\">\u2713<\/div>\n        <\/label>\n                <label class=\"vc-check-card\" for=\"int-music-nightlife\">\n          <input type=\"checkbox\" id=\"int-music-nightlife\" name=\"interests[]\" value=\"Music &amp; Nightlife\">\n          <div class=\"vc-check-inner\">\n            <span class=\"vc-check-icon\">\ud83c\udfb5<\/span>\n            <span class=\"vc-check-name\">Musique et Vie nocturne<\/span>\n            <span class=\"vc-check-sub\">Makossa, Bikutsi, sc\u00e8ne de Douala<\/span>\n          <\/div>\n          <div class=\"vc-check-tick\">\u2713<\/div>\n        <\/label>\n                <label class=\"vc-check-card\" for=\"int-family-travel\">\n          <input type=\"checkbox\" id=\"int-family-travel\" name=\"interests[]\" value=\"Family Travel\">\n          <div class=\"vc-check-inner\">\n            <span class=\"vc-check-icon\">Famille avec enfant<\/span>\n            <span class=\"vc-check-name\">Voyage en famille<\/span>\n            <span class=\"vc-check-sub\">Exp\u00e9riences adapt\u00e9es aux enfants<\/span>\n          <\/div>\n          <div class=\"vc-check-tick\">\u2713<\/div>\n        <\/label>\n                <label class=\"vc-check-card\" for=\"int-volunteer-conservation\">\n          <input type=\"checkbox\" id=\"int-volunteer-conservation\" name=\"interests[]\" value=\"Volunteer \/ Conservation\">\n          <div class=\"vc-check-inner\">\n            <span class=\"vc-check-icon\">\ud83c\udf31<\/span>\n            <span class=\"vc-check-name\">B\u00e9n\u00e9vole \/ Conservation<\/span>\n            <span class=\"vc-check-sub\">Projets \u00e9cologiques et travail communautaire<\/span>\n          <\/div>\n          <div class=\"vc-check-tick\">\u2713<\/div>\n        <\/label>\n                <label class=\"vc-check-card\" for=\"int-luxury-comfort\">\n          <input type=\"checkbox\" id=\"int-luxury-comfort\" name=\"interests[]\" value=\"Luxury &amp; Comfort\">\n          <div class=\"vc-check-inner\">\n            <span class=\"vc-check-icon\">\ud83e\udd42<\/span>\n            <span class=\"vc-check-name\">Luxe et confort<\/span>\n            <span class=\"vc-check-sub\">Loges premium et haute gastronomie<\/span>\n          <\/div>\n          <div class=\"vc-check-tick\">\u2713<\/div>\n        <\/label>\n              <\/div>\n    <\/div>\n\n    <!-- STEP 3: Dates & Group -->\n    <div class=\"vc-step\" data-step=\"3\">\n      <div class=\"vc-step-header\">\n        <span class=\"vc-step-icon\">\ud83d\udcc5<\/span>\n        <h3>Quand partez-vous en voyage ?<\/h3>\n        <p>Les dates approximatives conviennent \u2014 nous nous adapterons \u00e0 votre emploi du temps<\/p>\n      <\/div>\n      <div class=\"vc-field-group\">\n        <div class=\"vc-field-row\">\n          <div class=\"vc-field\">\n            <label for=\"vc-travel-from\">Arriv\u00e9e (env.)<\/label>\n            <input type=\"date\" id=\"vc-travel-from\" name=\"travel_from\">\n          <\/div>\n          <div class=\"vc-field\">\n            <label for=\"vc-travel-to\">D\u00e9part (env.)<\/label>\n            <input type=\"date\" id=\"vc-travel-to\" name=\"travel_to\">\n          <\/div>\n        <\/div>\n        <div class=\"vc-field\">\n          <label for=\"vc-group-size\">Taille du groupe <span class=\"vc-req\">*<\/span><\/label>\n          <select id=\"vc-group-size\" name=\"group_size\" required>\n            <option value=\"\">S\u00e9lectionner la taille du groupe...<\/option>\n            <option value=\"Solo traveller\">Voyageur solo<\/option>\n            <option value=\"2 people (couple)\">2 personnes (couple)<\/option>\n            <option value=\"3\u20135 people (small group)\">3\u20135 personnes (petit groupe)<\/option>\n            <option value=\"6\u201310 people (group)\">6\u201310 personnes (groupe)<\/option>\n            <option value=\"11\u201320 people (large group)\">11\u201320 personnes (grand groupe)<\/option>\n            <option value=\"20+ people (tour group)\">20+ personnes (groupe de touristes)<\/option>\n          <\/select>\n        <\/div>\n        <div class=\"vc-field\">\n          <label for=\"vc-budget\">Budget par personne (USD)<\/label>\n          <select id=\"vc-budget\" name=\"budget\">\n            <option value=\"\">S\u00e9lectionner la fourchette de prix\u2026<\/option>\n            <option value=\"Under $500\">Sous $500 \u2014 Explorateur de budget<\/option>\n            <option value=\"$500\u2013$1,500\">1 000\u201315 000 \u2014 Milieu de gamme<\/option>\n            <option value=\"$1,500\u2013$3,000\">1 400\u20133 000 TP4 \u2014 Confortable<\/option>\n            <option value=\"$3,000\u2013$6,000\">1 000 \u00e0 6 000 TP4T \u2014 Premium<\/option>\n            <option value=\"$6,000+\">1 000 \u20ac et plus \u2014 Luxe \/ sur mesure<\/option>\n            <option value=\"Flexible\">Flexible \/ pas encore s\u00fbr<\/option>\n          <\/select>\n        <\/div>\n        <div class=\"vc-field\">\n          <label for=\"vc-special\">Demandes ou questions sp\u00e9ciales<\/label>\n          <textarea id=\"vc-special\" name=\"special\" rows=\"3\" placeholder=\"Besoins alimentaires, besoins en mati\u00e8re d&#039;accessibilit\u00e9, attractions sp\u00e9cifiques, tout autre chose\u2026\"><\/textarea>\n        <\/div>\n      <\/div>\n    <\/div>\n\n    <!-- STEP 4: Contact Details -->\n    <div class=\"vc-step\" data-step=\"4\">\n      <div class=\"vc-step-header\">\n        <span class=\"vc-step-icon\">\u2709\ufe0f<\/span>\n        <h3>Vos coordonn\u00e9es<\/h3>\n        <p>Nous utiliserons ceux-ci pour vous envoyer votre proposition d'itin\u00e9raire personnalis\u00e9<\/p>\n      <\/div>\n      <div class=\"vc-field-group\">\n        <div class=\"vc-field-row\">\n          <div class=\"vc-field\">\n            <label for=\"vc-first-name\">Pr\u00e9nom <span class=\"vc-req\">*<\/span><\/label>\n            <input type=\"text\" id=\"vc-first-name\" name=\"first_name\" placeholder=\"Jane\" required>\n          <\/div>\n          <div class=\"vc-field\">\n            <label for=\"vc-last-name\">Nom de famille<\/label>\n            <input type=\"text\" id=\"vc-last-name\" name=\"last_name\" placeholder=\"Smith\">\n          <\/div>\n        <\/div>\n        <div class=\"vc-field\">\n          <label for=\"vc-email\">Adresse e-mail <span class=\"vc-req\">*<\/span><\/label>\n          <input type=\"email\" id=\"vc-email\" name=\"email\" placeholder=\"jane@example.com\" required>\n        <\/div>\n        <div class=\"vc-field-row\">\n          <div class=\"vc-field\">\n            <label for=\"vc-phone\">T\u00e9l\u00e9phone \/ WhatsApp<\/label>\n            <input type=\"tel\" id=\"vc-phone\" name=\"phone\" placeholder=\"+1 202 555 0100\">\n          <\/div>\n          <div class=\"vc-field\">\n            <label for=\"vc-country\">Votre pays<\/label>\n            <input type=\"text\" id=\"vc-country\" name=\"country\" placeholder=\"\u00c9tats-Unis\">\n          <\/div>\n        <\/div>\n        <div class=\"vc-field\">\n          <label for=\"vc-lang\">Langue pr\u00e9f\u00e9r\u00e9e<\/label>\n          <select id=\"vc-lang\" name=\"lang\">\n            <option value=\"en\">Anglais<\/option>\n            <option value=\"fr\">Fran\u00e7ais<\/option>\n          <\/select>\n        <\/div>\n        <label class=\"vc-consent-label\">\n          <input type=\"checkbox\" id=\"vc-consent\" required>\n          <span>J'accepte la <a href=\"\/fr\/politique-de-confidentialite\/\" target=\"_blank\">politique de confidentialit\u00e9<\/a>. Je comprends que mes donn\u00e9es seront utilis\u00e9es pour r\u00e9pondre \u00e0 cette demande.<\/span>\n        <\/label>\n      <\/div>\n    <\/div>\n\n    <!-- SUCCESS STATE -->\n    <div class=\"vc-success\" id=\"vc-success\" style=\"display:none\">\n      <div class=\"vc-success-icon\">\ud83c\udf0d<\/div>\n      <h3 class=\"vc-success-title\">Votre demande est en cours d'acheminement !<\/h3>\n      <p class=\"vc-success-msg\" id=\"vc-success-msg\"><\/p>\n      <div class=\"vc-success-links\">\n        <a href=\"\/fr\/events\/\" class=\"vc-btn-green\">\u00c9v\u00e9nements \u00e0 venir<\/a>\n        <a href=\"https:\/\/www.evisacam.cm\/\" target=\"_blank\" rel=\"noopener noreferrer\" class=\"vc-btn-outline\">Faire une demande de E-Visa \u2192<\/a>\n      <\/div>\n    <\/div>\n\n  <\/div><!-- .vc-form-body -->\n\n  <!-- Navigation buttons -->\n  <div class=\"vc-nav-row\" id=\"vc-nav-row\">\n    <button class=\"vc-btn-back\" id=\"vc-btn-back\" style=\"display:none\">\u2190 Retour<\/button>\n    <div class=\"vc-nav-right\">\n      <span class=\"vc-step-count\" id=\"vc-step-count\">\u00c9tape 1 sur 4<\/span>\n      <button class=\"vc-btn-next\" id=\"vc-btn-next\">Continuer \u2192<\/button>\n      <button class=\"vc-btn-submit\" id=\"vc-btn-submit\" style=\"display:none\">\n        <span class=\"vc-btn-text\">Envoyez ma demande \ud83c\udf0d<\/span>\n        <span class=\"vc-btn-loading\" style=\"display:none\">Envoi\u2026<\/span>\n      <\/button>\n    <\/div>\n  <\/div>\n\n<\/div><!-- .vc-book-wrap -->\n<\/p>\n<\/div><\/div><\/div><\/div><\/div>","protected":false},"excerpt":{"rendered":"","protected":false},"author":2,"featured_media":0,"parent":0,"menu_order":0,"comment_status":"closed","ping_status":"closed","template":"","meta":{"footnotes":""},"class_list":["post-220733","page","type-page","status-publish","hentry"],"_links":{"self":[{"href":"https:\/\/visitcameroon.net\/fr\/wp-json\/wp\/v2\/pages\/220733","targetHints":{"allow":["GET"]}}],"collection":[{"href":"https:\/\/visitcameroon.net\/fr\/wp-json\/wp\/v2\/pages"}],"about":[{"href":"https:\/\/visitcameroon.net\/fr\/wp-json\/wp\/v2\/types\/page"}],"author":[{"embeddable":true,"href":"https:\/\/visitcameroon.net\/fr\/wp-json\/wp\/v2\/users\/2"}],"replies":[{"embeddable":true,"href":"https:\/\/visitcameroon.net\/fr\/wp-json\/wp\/v2\/comments?post=220733"}],"version-history":[{"count":11,"href":"https:\/\/visitcameroon.net\/fr\/wp-json\/wp\/v2\/pages\/220733\/revisions"}],"predecessor-version":[{"id":220746,"href":"https:\/\/visitcameroon.net\/fr\/wp-json\/wp\/v2\/pages\/220733\/revisions\/220746"}],"wp:attachment":[{"href":"https:\/\/visitcameroon.net\/fr\/wp-json\/wp\/v2\/media?parent=220733"}],"curies":[{"name":"wp","href":"https:\/\/api.w.org\/{rel}","templated":true}]}}