{"id":19,"date":"2024-06-05T14:54:24","date_gmt":"2024-06-05T18:54:24","guid":{"rendered":"https:\/\/visitcameroon.net\/?page_id=19"},"modified":"2026-02-07T13:04:46","modified_gmt":"2026-02-07T18:04:46","slug":"adamaoua","status":"publish","type":"page","link":"https:\/\/visitcameroon.net\/fr\/adamawa\/","title":{"rendered":"Adamaoua"},"content":{"rendered":"<div class=\"et_pb_section_0 et_pb_section et_section_specialty et_pb_gutters3 et_block_section\"><div class=\"et_pb_row et_block_row\">\n<div class=\"et_pb_column_0 et_pb_column et_pb_column_single et_pb_column_1_2 et_block_column et_pb_css_mix_blend_mode_passthrough preset--module--divi-column--73121f80-a3ef-4484-8763-c3f18e3c56d2\">\n<div class=\"et_pb_heading_0 et_pb_heading et_pb_module et_block_module preset--module--divi-heading--ddeb8c09-9078-4424-bc15-2efb6572e28e\"><div class=\"et_pb_heading_container\"><h1 class=\"et_pb_module_header\">Adamaoua<\/h1><\/div><\/div>\n\n<div class=\"et_pb_image_0 et_pb_image et_pb_module et_block_module\"><span class=\"et_pb_image_wrap\"><img loading=\"lazy\" decoding=\"async\" src=\"https:\/\/visitcameroon.net\/wp-content\/uploads\/2024\/06\/Adamawa_Region.jpg\" width=\"139\" height=\"200\" srcset=\"https:\/\/visitcameroon.net\/wp-content\/uploads\/2024\/06\/Adamawa_Region.jpg 139w\" sizes=\"(max-width: 139px) 100vw, 139px\" class=\"wp-image-123\" title=\"R\u00e9gion de l&#039;Adamaoua\" \/><\/span><\/div>\n<\/div>\n\n<div class=\"et_pb_column_1 et_pb_column et_pb_specialty_column et_pb_column_1_2 et-last-child et_block_column et_pb_column_empty et_pb_css_mix_blend_mode_passthrough\"><\/div>\n<\/div><\/div>\n\n<div class=\"et_pb_section_1 et_pb_section et_section_regular et_block_section\">\n<div class=\"et_pb_row_0 et_pb_row et_block_row preset--module--divi-row--5138c454-be54-4233-bd3b-f8e6a8747976\">\n<div class=\"et_pb_column_2 et_pb_column et_pb_column_2_5 et_block_column et_pb_css_mix_blend_mode_passthrough preset--module--divi-column--73121f80-a3ef-4484-8763-c3f18e3c56d2\">\n<div class=\"et_pb_image_1 et_pb_image et_pb_module et_block_module preset--module--divi-image--6ed8fd5c-62c5-4100-98c3-7b8b6d2c2ee6\"><span class=\"et_pb_image_wrap\"><img loading=\"lazy\" decoding=\"async\" src=\"https:\/\/visitcameroon.net\/wp-content\/uploads\/2024\/06\/Camel-boy-933x1024.png\" width=\"933\" height=\"1024\" srcset=\"https:\/\/visitcameroon.net\/wp-content\/uploads\/2024\/06\/Camel-boy-933x1024.png 933w\" sizes=\"(min-width: 0px) and (max-width: 480px) 480px, (min-width: 481px) 933px, 100vw\" class=\"wp-image-1293\" title=\"Gar\u00e7on de chameau\" \/><\/span><\/div>\n<\/div>\n\n<div class=\"et_pb_column_3 et_pb_column et_pb_column_3_5 et-last-child et_block_column et_pb_css_mix_blend_mode_passthrough preset--module--divi-column--73121f80-a3ef-4484-8763-c3f18e3c56d2\">\n<div class=\"et_pb_heading_1 et_pb_heading et_pb_module et_block_module preset--module--divi-heading--c33f07d9-41e0-421a-8799-5799df695cce\"><div class=\"et_pb_heading_container\"><h2 class=\"et_pb_module_header\">D\u00e9couvrez la r\u00e9gion de l'Adamaoua<\/h2><\/div><\/div>\n\n<div class=\"et_pb_text_0 et_pb_text et_pb_bg_layout_light et_pb_module et_block_module preset--module--divi-text--2c55a9c4-feed-423b-9edb-ae0b5b365cac\"><div class=\"et_pb_text_inner\"><div class=\"rvps0\">\n<p><span class=\"cfont\" data-size=\"15\">Le\u00a0<\/span><span class=\"cfont\" data-size=\"15\">R\u00e9gion de l'Adamaoua<\/span><span class=\"cfont\" data-size=\"15\">\u00a0et sa capitale Ngaound\u00e9r\u00e9, est \u00e0 juste titre consid\u00e9r\u00e9e comme l'une des r\u00e9gions les plus attrayantes pour les touristes au Cameroun. Cette r\u00e9gion est situ\u00e9e \u00e0 une altitude moyenne de 1000 m au-dessus du niveau de la mer. De nombreux lacs superbes (Mbalang, Tison) et cascades (Tello, Vina) font de l'Adamaoua un lieu de pr\u00e9dilection pour les touristes.<\/span><\/p>\n<\/div>\n<div class=\"rvps0\"><span class=\"cfont\" data-size=\"15\">L'Adamaoua est affectueusement surnomm\u00e9e le \"ch\u00e2teau d'eau du Cameroun\", en raison des nombreux grands fleuves du pays qui y trouvent leur source. C'est aussi un terrain de chasse tr\u00e8s appr\u00e9ci\u00e9 par les amateurs de grande chasse. Ils y trouvent des conditions optimales pour s'adonner \u00e0 leur sport favori : gibier en abondance, camps et ranchs confortables.<\/span><\/div>\n<div class=\"rvps0\"><\/div>\n<div class=\"rvps0\"><span class=\"cfont\" data-size=\"15\">Ngaound\u00e9r\u00e9, terminus nord du chemin de fer Nord-Sud, est une ville pittoresque ; ses mosqu\u00e9es et le palais du Lamido avec ses magnifiques fresques t\u00e9moignent de l'architecture traditionnellement caract\u00e9ristique de cette r\u00e9gion. D'un int\u00e9r\u00eat particulier dans la ville sont le quartier tr\u00e8s anim\u00e9 du march\u00e9 de baladji, le palais du Lamido et le mus\u00e9e.<\/span><\/div>\n<\/div><\/div>\n\n<div class=\"et_pb_module et_pb_button_module_wrapper et_pb_button_0_wrapper preset--module--divi-button--1bffc0fc-42a0-49d1-bd9a-ae3ade2d7206_wrapper\"><a class=\"et_pb_button_0 et_pb_button et_pb_bg_layout_light et_pb_module et_block_module preset--module--divi-button--1bffc0fc-42a0-49d1-bd9a-ae3ade2d7206\" href=\"\">Planifiez votre visite<\/a><\/div>\n<\/div>\n<\/div>\n<\/div>\n\n<div class=\"et_pb_section_2 et_pb_section et_section_regular et_block_section\">\n<div class=\"et_pb_row_1 et_pb_row et_block_row preset--module--divi-row--5138c454-be54-4233-bd3b-f8e6a8747976\">\n<div class=\"et_pb_column_4 et_pb_column et_pb_column_4_4 et-last-child et_block_column et_pb_css_mix_blend_mode_passthrough preset--module--divi-column--73121f80-a3ef-4484-8763-c3f18e3c56d2\">\n<div class=\"et_pb_heading_2 et_pb_heading et_pb_module et_block_module preset--module--divi-heading--c33f07d9-41e0-421a-8799-5799df695cce\"><div class=\"et_pb_heading_container\"><h2 class=\"et_pb_module_header\">Sites touristiques<\/h2><\/div><\/div>\n<\/div>\n<\/div>\n\n<div class=\"et_pb_row_2 et_pb_row et_pb_row_4col et_pb_gutters2 et_block_row et_block_row_4col preset--module--divi-row--5138c454-be54-4233-bd3b-f8e6a8747976\">\n<div class=\"et_pb_column_5 et_pb_column et_pb_column_1_4 et_block_column et_pb_css_mix_blend_mode_passthrough preset--module--divi-column--73121f80-a3ef-4484-8763-c3f18e3c56d2\">\n<div class=\"et_pb_image_2 et_pb_image et_pb_module et_block_module preset--module--divi-image--6ed8fd5c-62c5-4100-98c3-7b8b6d2c2ee6\"><a href=\"https:\/\/visitcameroon.net\/wp-content\/uploads\/2024\/06\/lake-tison-ngaoundere-adamawa.webp\" class=\"et_pb_lightbox_image\"><span class=\"et_pb_image_wrap\"><img loading=\"lazy\" decoding=\"async\" src=\"https:\/\/visitcameroon.net\/wp-content\/uploads\/2024\/06\/lake-tison-ngaoundere-adamawa.webp\" width=\"600\" height=\"337\" srcset=\"https:\/\/visitcameroon.net\/wp-content\/uploads\/2024\/06\/lake-tison-ngaoundere-adamawa.webp 600w, https:\/\/visitcameroon.net\/wp-content\/uploads\/2024\/06\/lake-tison-ngaoundere-adamawa-480x270.webp 480w\" sizes=\"(min-width: 0px) and (max-width: 480px) 480px, (min-width: 481px) 600px, 100vw\" class=\"wp-image-722\" title=\"lac-tison-ngaound\u00e9r\u00e9-adamawa\" \/><\/span><\/a><\/div>\n\n<div class=\"et_pb_text_1 et_pb_text et_pb_bg_layout_light et_pb_module et_block_module\"><div class=\"et_pb_text_inner\"><p>Lac Tison, Ngaound\u00e9r\u00e9<\/p>\n<\/div><\/div>\n<\/div>\n\n<div class=\"et_pb_column_6 et_pb_column et_pb_column_1_4 et_block_column et_pb_css_mix_blend_mode_passthrough preset--module--divi-column--73121f80-a3ef-4484-8763-c3f18e3c56d2\">\n<div class=\"et_pb_image_3 et_pb_image et_pb_module et_block_module preset--module--divi-image--6ed8fd5c-62c5-4100-98c3-7b8b6d2c2ee6\"><a href=\"https:\/\/visitcameroon.net\/wp-content\/uploads\/2024\/07\/WhatsApp-Image-2024-07-18-at-22.09.51.jpeg\" class=\"et_pb_lightbox_image\"><span class=\"et_pb_image_wrap\"><img loading=\"lazy\" decoding=\"async\" src=\"https:\/\/visitcameroon.net\/wp-content\/uploads\/2024\/07\/WhatsApp-Image-2024-07-18-at-22.09.51.jpeg\" width=\"1920\" height=\"1440\" srcset=\"https:\/\/visitcameroon.net\/wp-content\/uploads\/2024\/07\/WhatsApp-Image-2024-07-18-at-22.09.51.jpeg 1920w, https:\/\/visitcameroon.net\/wp-content\/uploads\/2024\/07\/WhatsApp-Image-2024-07-18-at-22.09.51-1280x960.jpeg 1280w, https:\/\/visitcameroon.net\/wp-content\/uploads\/2024\/07\/WhatsApp-Image-2024-07-18-at-22.09.51-980x735.jpeg 980w, https:\/\/visitcameroon.net\/wp-content\/uploads\/2024\/07\/WhatsApp-Image-2024-07-18-at-22.09.51-480x360.jpeg 480w\" sizes=\"(min-width: 0px) and (max-width: 480px) 480px, (min-width: 481px) and (max-width: 980px) 980px, (min-width: 981px) and (max-width: 1280px) 1280px, (min-width: 1281px) 1920px, 100vw\" class=\"wp-image-2837\" title=\"lac-tison-ngaound\u00e9r\u00e9-adamawa\" \/><\/span><\/a><\/div>\n\n<div class=\"et_pb_text_2 et_pb_text et_pb_bg_layout_light et_pb_module et_block_module\"><div class=\"et_pb_text_inner\"><p>Case traditionnelle, Ngaound\u00e9r\u00e9<\/p>\n<\/div><\/div>\n<\/div>\n\n<div class=\"et_pb_column_7 et_pb_column et_pb_column_1_4 et_block_column et_pb_css_mix_blend_mode_passthrough\">\n<div class=\"et_pb_image_4 et_pb_image et_pb_module et_block_module preset--module--divi-image--6ed8fd5c-62c5-4100-98c3-7b8b6d2c2ee6\"><a href=\"https:\/\/visitcameroon.net\/wp-content\/uploads\/2024\/06\/Stazione_di_Ngaoundere-1024x768.jpg\" class=\"et_pb_lightbox_image\"><span class=\"et_pb_image_wrap\"><img loading=\"lazy\" decoding=\"async\" src=\"https:\/\/visitcameroon.net\/wp-content\/uploads\/2024\/06\/Stazione_di_Ngaoundere-1024x768.jpg\" width=\"1024\" height=\"768\" srcset=\"https:\/\/visitcameroon.net\/wp-content\/uploads\/2024\/06\/Stazione_di_Ngaoundere-980x735.jpg 980w, https:\/\/visitcameroon.net\/wp-content\/uploads\/2024\/06\/Stazione_di_Ngaoundere-480x360.jpg 480w\" sizes=\"(min-width: 0px) and (max-width: 480px) 480px, (min-width: 481px) and (max-width: 980px) 980px, (min-width: 981px) 1024px, 100vw\" class=\"wp-image-744\" title=\"Gare de Ngaound\u00e9r\u00e9\" \/><\/span><\/a><\/div>\n\n<div class=\"et_pb_text_3 et_pb_text et_pb_bg_layout_light et_pb_module et_block_module\"><div class=\"et_pb_text_inner\"><p>Gare ferroviaire, Ngaound\u00e9r\u00e9<\/p>\n<\/div><\/div>\n<\/div>\n\n<div class=\"et_pb_column_8 et_pb_column et_pb_column_1_4 et-last-child et_block_column et_pb_css_mix_blend_mode_passthrough preset--module--divi-column--73121f80-a3ef-4484-8763-c3f18e3c56d2\">\n<div class=\"et_pb_image_5 et_pb_image et_pb_module et_block_module preset--module--divi-image--6ed8fd5c-62c5-4100-98c3-7b8b6d2c2ee6\"><a href=\"https:\/\/visitcameroon.net\/wp-content\/uploads\/2024\/06\/getlstd-property-photo.jpg\" class=\"et_pb_lightbox_image\"><span class=\"et_pb_image_wrap\"><img loading=\"lazy\" decoding=\"async\" src=\"https:\/\/visitcameroon.net\/wp-content\/uploads\/2024\/06\/getlstd-property-photo.jpg\" width=\"1280\" height=\"1058\" srcset=\"https:\/\/visitcameroon.net\/wp-content\/uploads\/2024\/06\/getlstd-property-photo.jpg 1280w, https:\/\/visitcameroon.net\/wp-content\/uploads\/2024\/06\/getlstd-property-photo-980x810.jpg 980w, https:\/\/visitcameroon.net\/wp-content\/uploads\/2024\/06\/getlstd-property-photo-480x397.jpg 480w\" sizes=\"(min-width: 0px) and (max-width: 480px) 480px, (min-width: 481px) and (max-width: 980px) 980px, (min-width: 981px) 1280px, 100vw\" class=\"wp-image-743\" title=\"Mosqu\u00e9e - Ngaound\u00e9r\u00e9\" \/><\/span><\/a><\/div>\n\n<div class=\"et_pb_text_4 et_pb_text et_pb_bg_layout_light et_pb_module et_block_module\"><div class=\"et_pb_text_inner\"><p>Mosqu\u00e9e, Ngaound\u00e9r\u00e9<\/p>\n<\/div><\/div>\n<\/div>\n<\/div>\n<\/div>","protected":false},"excerpt":{"rendered":"","protected":false},"author":2,"featured_media":0,"parent":0,"menu_order":0,"comment_status":"closed","ping_status":"closed","template":"","meta":{"footnotes":""},"class_list":["post-19","page","type-page","status-publish","hentry"],"_links":{"self":[{"href":"https:\/\/visitcameroon.net\/fr\/wp-json\/wp\/v2\/pages\/19","targetHints":{"allow":["GET"]}}],"collection":[{"href":"https:\/\/visitcameroon.net\/fr\/wp-json\/wp\/v2\/pages"}],"about":[{"href":"https:\/\/visitcameroon.net\/fr\/wp-json\/wp\/v2\/types\/page"}],"author":[{"embeddable":true,"href":"https:\/\/visitcameroon.net\/fr\/wp-json\/wp\/v2\/users\/2"}],"replies":[{"embeddable":true,"href":"https:\/\/visitcameroon.net\/fr\/wp-json\/wp\/v2\/comments?post=19"}],"version-history":[{"count":5,"href":"https:\/\/visitcameroon.net\/fr\/wp-json\/wp\/v2\/pages\/19\/revisions"}],"predecessor-version":[{"id":220651,"href":"https:\/\/visitcameroon.net\/fr\/wp-json\/wp\/v2\/pages\/19\/revisions\/220651"}],"wp:attachment":[{"href":"https:\/\/visitcameroon.net\/fr\/wp-json\/wp\/v2\/media?parent=19"}],"curies":[{"name":"wp","href":"https:\/\/api.w.org\/{rel}","templated":true}]}}